{"id":992,"date":"2021-11-28T16:16:21","date_gmt":"2021-11-28T09:16:21","guid":{"rendered":"https:\/\/mixteam.cf\/kn\/service\/"},"modified":"2022-01-11T13:51:11","modified_gmt":"2022-01-11T06:51:11","slug":"service","status":"publish","type":"page","link":"https:\/\/kn-vn.com\/vi\/service\/","title":{"rendered":"Service"},"content":{"rendered":"\t\t<div data-elementor-type=\"wp-page\" data-elementor-id=\"992\" class=\"elementor elementor-992\">\n\t\t\t\t\t\t<section class=\"elementor-section elementor-top-section elementor-element elementor-element-192b392 elementor-section-height-min-height hero-section-s-header elementor-section-boxed elementor-section-height-default elementor-section-items-middle elementor-invisible\" data-id=\"192b392\" data-element_type=\"section\" data-settings=\"{&quot;background_background&quot;:&quot;classic&quot;,&quot;animation&quot;:&quot;fadeIn&quot;}\">\n\t\t\t\t\t\t<div class=\"elementor-container elementor-column-gap-default\">\n\t\t\t\t\t<div class=\"elementor-column elementor-col-100 elementor-top-column elementor-element elementor-element-fc8cdd4\" data-id=\"fc8cdd4\" data-element_type=\"column\">\n\t\t\t<div class=\"elementor-widget-wrap elementor-element-populated\">\n\t\t\t\t\t\t<div class=\"elementor-element elementor-element-af76549 elementor-icon-list--layout-inline elementor-align-center icon-list-breadcrumb elementor-list-item-link-full_width elementor-widget elementor-widget-icon-list\" data-id=\"af76549\" data-element_type=\"widget\" data-widget_type=\"icon-list.default\">\n\t\t\t\t<div class=\"elementor-widget-container\">\n\t\t\t\t\t<ul class=\"elementor-icon-list-items elementor-inline-items\">\n\t\t\t\t\t\t\t<li class=\"elementor-icon-list-item elementor-inline-item\">\n\t\t\t\t\t\t\t\t\t\t\t<a href=\"https:\/\/kn-vn.com\/vi\/\">\n\n\t\t\t\t\t\t\t\t\t\t\t<span class=\"elementor-icon-list-text\">Home<\/span>\n\t\t\t\t\t\t\t\t\t\t\t<\/a>\n\t\t\t\t\t\t\t\t\t<\/li>\n\t\t\t\t\t\t\t\t<li class=\"elementor-icon-list-item elementor-inline-item\">\n\t\t\t\t\t\t\t\t\t\t\t<a href=\"https:\/\/kn-vn.com\/vi\/service\/\">\n\n\t\t\t\t\t\t\t\t\t\t\t<span class=\"elementor-icon-list-text\">Service<\/span>\n\t\t\t\t\t\t\t\t\t\t\t<\/a>\n\t\t\t\t\t\t\t\t\t<\/li>\n\t\t\t\t\t\t<\/ul>\n\t\t\t\t<\/div>\n\t\t\t\t<\/div>\n\t\t\t\t<div class=\"elementor-element elementor-element-e4d3336 elementor-widget elementor-widget-heading\" data-id=\"e4d3336\" data-element_type=\"widget\" data-widget_type=\"heading.default\">\n\t\t\t\t<div class=\"elementor-widget-container\">\n\t\t\t<h2 class=\"elementor-heading-title elementor-size-default\">SERVICE<\/h2>\t\t<\/div>\n\t\t\t\t<\/div>\n\t\t\t\t\t<\/div>\n\t\t<\/div>\n\t\t\t\t\t<\/div>\n\t\t<\/section>\n\t\t\t\t<section class=\"elementor-section elementor-top-section elementor-element elementor-element-5a65d41 elementor-section-height-min-height elementor-section-items-top services-list elementor-section-boxed elementor-section-height-default\" data-id=\"5a65d41\" data-element_type=\"section\" data-settings=\"{&quot;background_background&quot;:&quot;classic&quot;}\">\n\t\t\t\t\t\t<div class=\"elementor-container elementor-column-gap-default\">\n\t\t\t\t\t<div class=\"elementor-column elementor-col-100 elementor-top-column elementor-element elementor-element-1198962\" data-id=\"1198962\" data-element_type=\"column\">\n\t\t\t<div class=\"elementor-widget-wrap elementor-element-populated\">\n\t\t\t\t\t\t<div class=\"elementor-element elementor-element-8d881ea elementor-widget elementor-widget-heading\" data-id=\"8d881ea\" data-element_type=\"widget\" data-widget_type=\"heading.default\">\n\t\t\t\t<div class=\"elementor-widget-container\">\n\t\t\t<h2 class=\"elementor-heading-title elementor-size-default\">OUR SERVICE<\/h2>\t\t<\/div>\n\t\t\t\t<\/div>\n\t\t\t\t<div class=\"elementor-element elementor-element-f495234 animated-slow elementor-invisible elementor-widget elementor-widget-shortcode\" data-id=\"f495234\" data-element_type=\"widget\" data-settings=\"{&quot;_animation&quot;:&quot;fadeInUp&quot;}\" data-widget_type=\"shortcode.default\">\n\t\t\t\t<div class=\"elementor-widget-container\">\n\t\t\t\t\t<div class=\"elementor-shortcode\"><div class=\"services-grid-list\"><div class=\"service-single\">\n                    <div class=\"services-single_icon\"><img decoding=\"async\" src=\"https:\/\/kn-vn.com\/wp-content\/uploads\/2021\/11\/construction-work.svg\" alt=\"THI C\u00d4NG X\u00c2Y D\u1ef0NG\"><\/div>\n                    <div class=\"services-single_title\"><a href=\"https:\/\/kn-vn.com\/vi\/service\/construction-works\/\">THI C\u00d4NG X\u00c2Y D\u1ef0NG<\/a><\/div>\n                    <div class=\"services-single_text\"><p>Ch\u00fang t\u00f4i l\u00e0 C\u00f4ng ty chuy\u00ean v\u1ec1 t\u01b0 v\u1ea5n x\u00e2y d\u1ef1ng, tuy nhi\u00ean trong m\u1ed9t s\u1ed1 tr\u01b0\u1eddng h\u1ee3p, ch\u00fang t\u00f4i c\u0169ng cung c\u1ea5p d\u1ecbch thi c\u00f4ng x\u00e2y d\u1ef1ng cho c\u00e1c d\u1ef1 \u00e1n qui m\u00f4 v\u1eeba v\u00e0 nh\u1ecf khi kh\u00e1ch h\u00e0ng c\u1ee7a ch\u00fang t\u00f4i c\u1ea7n m\u1ed9t d\u1ecbch v\u1ee5 tr\u1ecdn g\u00f3i (thi\u1ebft k\u1ebf &amp; thi c\u00f4ng) cho d\u1ef1 \u00e1n c\u1ee7a h\u1ecd.<\/p>\n<\/div>\n                    <div class=\"services-signle_readmore\"><a href=\"https:\/\/kn-vn.com\/vi\/service\/construction-works\/\" class=\"services-signle_btn\">read more<\/a><\/div>\n                <\/div><div class=\"service-single\">\n                    <div class=\"services-single_icon\"><img decoding=\"async\" src=\"https:\/\/kn-vn.com\/wp-content\/uploads\/2021\/11\/consultancy.svg\" alt=\"T\u01af V\u1ea4N PH\u00c1P L\u00dd \/ T\u01af V\u1ea4N \u0110\u1ecaA PH\u01af\u01a0NG\"><\/div>\n                    <div class=\"services-single_title\"><a href=\"https:\/\/kn-vn.com\/vi\/service\/legal-consultancy-local-consultancy\/\">T\u01af V\u1ea4N PH\u00c1P L\u00dd \/ T\u01af V\u1ea4N \u0110\u1ecaA PH\u01af\u01a0NG<\/a><\/div>\n                    <div class=\"services-single_text\"><p>\u0110\u1ec3 h\u1ed7 tr\u1ee3 cho ch\u1ee7 \u0111\u1ea7u t\u01b0, d\u1ecbch v\u1ee5 t\u01b0 v\u1ea5n ph\u00e1p l\u00fd c\u1ee7a ch\u00fang t\u00f4i l\u00e0 d\u1ecbch v\u1ee5 t\u01b0 v\u1ea5n cho kh\u00e1ch h\u00e0ng v\u1ec1 th\u1ee7 t\u1ee5c ph\u00e1p l\u00fd c\u1ee7a d\u1ef1 \u00e1n bao g\u1ed3m quy ho\u1ea1ch d\u1ef1 \u00e1n, tr\u00ecnh xin ph\u00e9p x\u00e2y d\u1ef1ng (bao g\u1ed3m ph\u00ea duy\u1ec7t d\u1ef1 \u00e1n, ph\u00ea duy\u1ec7t \u0111\u1ecba \u0111i\u1ec3m, ph\u00ea duy\u1ec7t quy ho\u1ea1ch t\u1ed5ng th\u1ec3, th\u1ecfa thu\u1eadn k\u1ebft n\u1ed1i h\u1ea1 t\u1ea7ng, \u0111\u00e1nh gi\u00e1 t\u00e1c \u0111\u1ed9ng m\u00f4i tr\u01b0\u1eddng, th\u1ea9m duy\u1ec7t thi\u1ebft k\u1ebf ph\u00f2ng ch\u00e1y ch\u1eefa ch\u00e1y, th\u1ea9m duy\u1ec7t thi\u1ebft k\u1ebf c\u1ee7a ch\u00ednh quy\u1ec1n \u0111\u1ecba ph\u01b0\u01a1ng, gi\u1ea5y ph\u00e9p x\u00e2y d\u1ef1ng, v.v.), ph\u00ea duy\u1ec7t ho\u00e0n c\u00f4ng v\u00e0 c\u00e1c b\u01b0\u1edbc c\u1ea7n thi\u1ebft (nghi\u1ec7m thu h\u1ec7 th\u1ed1ng ch\u1eefa ch\u00e1y, quan tr\u1eafc m\u00f4i tr\u01b0\u1eddng, ki\u1ec3m tra k\u1ebft n\u1ed1i h\u1ea1 t\u1ea7ng, v.v.).<br \/>\nD\u1ecbch v\u1ee5 t\u01b0 v\u1ea5n \u0111\u1ecba ph\u01b0\u01a1ng c\u1ee7a ch\u00fang t\u00f4i l\u00e0 h\u1ed7 tr\u1ee3 c\u00e1c chuy\u00ean gia t\u01b0 v\u1ea5n n\u01b0\u1edbc ngo\u00e0i cho c\u00e1c d\u1ef1 \u00e1n c\u1ee7a h\u1ecd t\u1ea1i Vi\u1ec7t Nam v\u1ec1 lu\u1eadt v\u00e0 quy \u0111\u1ecbnh x\u00e2y d\u1ef1ng t\u1ea1i \u0111\u1ecba ph\u01b0\u01a1ng, ti\u00eau chu\u1ea9n x\u00e2y d\u1ef1ng \u0111\u1ecba ph\u01b0\u01a1ng, v\u1eadt li\u1ec7u &amp; thi\u1ebft b\u1ecb \u0111\u1ecba ph\u01b0\u01a1ng, k\u1ef9 n\u0103ng lao \u0111\u1ed9ng \u0111\u1ecba ph\u01b0\u01a1ng, v.v. n\u01a1i m\u00e0 ch\u00fang t\u00f4i c\u00f3 nhi\u1ec1u kinh nghi\u1ec7m<\/p>\n<\/div>\n                    <div class=\"services-signle_readmore\"><a href=\"https:\/\/kn-vn.com\/vi\/service\/legal-consultancy-local-consultancy\/\" class=\"services-signle_btn\">read more<\/a><\/div>\n                <\/div><div class=\"service-single\">\n                    <div class=\"services-single_icon\"><img decoding=\"async\" src=\"https:\/\/kn-vn.com\/wp-content\/uploads\/2021\/11\/quantity-surveying.svg\" alt=\"T\u01af V\u1ea4N KH\u1ed0I L\u01af\u1ee2NG \/ QU\u1ea2N L\u00dd \u0110\u1ea4U TH\u1ea6U\"><\/div>\n                    <div class=\"services-single_title\"><a href=\"https:\/\/kn-vn.com\/vi\/service\/quantity-surveying-tender-management\/\">T\u01af V\u1ea4N KH\u1ed0I L\u01af\u1ee2NG \/ QU\u1ea2N L\u00dd \u0110\u1ea4U TH\u1ea6U<\/a><\/div>\n                    <div class=\"services-single_text\"><p>D\u1ecbch v\u1ee5 T\u01b0 v\u1ea5n kh\u1ea3o s\u00e1t kh\u1ed1i l\u01b0\u1ee3ng c\u1ee7a ch\u00fang t\u00f4i bao g\u1ed3m:<br \/>\n&#8211; Chu\u1ea9n b\u1ecb &amp; qu\u1ea3n l\u00fd ng\u00e2n s\u00e1ch d\u1ef1 \u00e1n<br \/>\n&#8211; Chu\u1ea9n b\u1ecb bi\u1ec3u kh\u1ed1i l\u01b0\u1ee3ng &amp; d\u1ef1 to\u00e1n<br \/>\n&#8211; Qu\u1ea3n l\u00fd \u0111\u1ea5u th\u1ea7u<br \/>\n&#8211; T\u01b0 v\u1ea5n kinh t\u1ebf k\u1ef9 thu\u1eadt<br \/>\n&#8211; Qu\u1ea3n l\u00fd chi ph\u00ed h\u1ee3p \u0111\u1ed3ng<br \/>\n&#8211; Ki\u1ec3m to\u00e1n ng\u00e2n s\u00e1ch x\u00e2y d\u1ef1ng<br \/>\nM\u1ee5c \u0111\u00edch c\u1ee7a Qu\u1ea3n l\u00fd \u0111\u1ea5u th\u1ea7u l\u00e0 ch\u1ecdn nh\u00e0 th\u1ea7u v\u00e0 nh\u00e0 cung c\u1ea5p s\u1ebd thi c\u00f4ng c\u00f4ng tr\u00ecnh x\u00e2y d\u1ef1ng. D\u1ecbch v\u1ee5 c\u1ee7a ch\u00fang t\u00f4i s\u1ebd bao g\u1ed3m:<br \/>\n&#8211; L\u1eadp k\u1ebf ho\u1ea1ch \u0111\u1ea5u th\u1ea7u ch\u1ec9 r\u00f5 s\u1ed1 l\u01b0\u1ee3ng g\u00f3i th\u1ea7u x\u00e2y l\u1eafp v\u00e0 t\u00ednh ch\u1ea5t c\u1ee7a ch\u00fang<br \/>\n&#8211; T\u1ed5 ch\u1ee9c s\u01a1 tuy\u1ec3n v\u00e0 tr\u00ecnh Ch\u1ee7 \u0111\u1ea7u t\u01b0 m\u1ed9t danh s\u00e1ch ng\u1eafn c\u00e1c nh\u00e0 th\u1ea7u v\u00e0 nh\u00e0 cung c\u1ea5p ti\u1ec1m n\u0103ng d\u1ef1a tr\u00ean c\u00e1c m\u1ee5c ti\u00eau c\u1ee7a d\u1ef1 \u00e1n v\u00e0 chi\u1ebfn l\u01b0\u1ee3c \u0111\u00e3 th\u1ed1ng nh\u1ea5t<br \/>\n&#8211; X\u00e2y d\u1ef1ng v\u00e0 gi\u00e1m s\u00e1t ti\u1ebfn \u0111\u1ed9 \u0111\u1ea5u th\u1ea7u v\u00e0 mua s\u1eafm<br \/>\n&#8211; Chu\u1ea9n b\u1ecb T\u00e0i li\u1ec7u \u0111\u1ea5u th\u1ea7u bao g\u1ed3m t\u00e0i li\u1ec7u h\u00e0nh ch\u00ednh, t\u00e0i li\u1ec7u h\u1ee3p \u0111\u1ed3ng, t\u00e0i li\u1ec7u thi\u1ebft k\u1ebf, v.v.<br \/>\n&#8211; Chu\u1ea9n b\u1ecb v\u00e0 kh\u1edfi \u0111\u1ed9ng \u0111\u1ea5u th\u1ea7u (m\u1eddi th\u1ea7u, ph\u00e1t h\u00e0nh h\u1ed3 s\u01a1 m\u1eddi th\u1ea7u, thu th\u1eadp h\u1ed3 s\u01a1 d\u1ef1 th\u1ea7u, v.v.)<br \/>\n&#8211; \u0110\u00e1nh gi\u00e1 v\u00e0 ph\u00e2n t\u00edch c\u00e1c h\u1ed3 s\u01a1 d\u1ef1 th\u1ea7u nh\u1eadn \u0111\u01b0\u1ee3c v\u1edbi s\u1ef1 h\u1ed7 tr\u1ee3 c\u1ee7a t\u01b0 v\u1ea5n thi\u1ebft k\u1ebf v\u00e0 t\u1ed5 ch\u1ee9c c\u00e1c cu\u1ed9c h\u1ecdp l\u00e0m r\u00f5<br \/>\n&#8211; Ph\u00e1t h\u00e0nh b\u00e1o c\u00e1o \u0111\u00e1nh gi\u00e1 h\u1ed3 s\u01a1 d\u1ef1 th\u1ea7u v\u00e0 \u0111\u01b0a ra c\u00e1c \u0111\u1ec1 xu\u1ea5t cho Ch\u1ee7 \u0111\u1ea7u t\u01b0<br \/>\n&#8211; Cung c\u1ea5p th\u01b0\u01a1ng l\u01b0\u1ee3ng v\u1ec1 chi ti\u1ebft h\u1ee3p \u0111\u1ed3ng v\u00e0 gi\u00e1 c\u1ea3<br \/>\n&#8211; Ph\u00e1t h\u00e0nh th\u01b0 ch\u1ec9 \u0111\u1ecbnh c\u00e1c nh\u00e0 th\u1ea7u v\u00e0 nh\u00e0 cung c\u1ea5p \u0111\u01b0\u1ee3c l\u1ef1a ch\u1ecdn<br \/>\n&#8211; Chu\u1ea9n b\u1ecb t\u00e0i li\u1ec7u h\u1ee3p \u0111\u1ed3ng cho c\u00e1c nh\u00e0 th\u1ea7u v\u00e0 nh\u00e0 cung c\u1ea5p \u0111\u01b0\u1ee3c l\u1ef1a ch\u1ecdn<br \/>\n&#8211; Trao th\u1ea7u thay m\u1eb7t cho Ch\u1ee7 \u0111\u1ea7u t\u01b0<\/p>\n<\/div>\n                    <div class=\"services-signle_readmore\"><a href=\"https:\/\/kn-vn.com\/vi\/service\/quantity-surveying-tender-management\/\" class=\"services-signle_btn\">read more<\/a><\/div>\n                <\/div><div class=\"service-single\">\n                    <div class=\"services-single_icon\"><img decoding=\"async\" src=\"https:\/\/kn-vn.com\/wp-content\/uploads\/2021\/11\/construction.svg\" alt=\"THI\u1ebeT K\u1ebe X\u00c2Y D\u1ef0NG (KI\u1ebeN TR\u00daC, K\u1ebeT C\u1ea4U &amp; H\u1ea0 T\u1ea6NG, C\u01a0 \u0110I\u1ec6N)\"><\/div>\n                    <div class=\"services-single_title\"><a href=\"https:\/\/kn-vn.com\/vi\/service\/construction-design-architecture-civil-structure-mepf\/\">THI\u1ebeT K\u1ebe X\u00c2Y D\u1ef0NG (KI\u1ebeN TR\u00daC, K\u1ebeT C\u1ea4U &amp; H\u1ea0 T\u1ea6NG, C\u01a0 \u0110I\u1ec6N)<\/a><\/div>\n                    <div class=\"services-single_text\"><p>Ch\u00fang t\u00f4i cung c\u1ea5p d\u1ecbch v\u1ee5 thi\u1ebft k\u1ebf x\u00e2y d\u1ef1ng bao g\u1ed3m:<br \/>\n&#8211; Thi\u1ebft k\u1ebf Ki\u1ebfn tr\u00fac<br \/>\n&#8211; Thi\u1ebft k\u1ebf K\u1ebft c\u1ea5u &amp; h\u1ea1 t\u1ea7ng<br \/>\n&#8211; Thi\u1ebft k\u1ebf c\u01a1 \u0111i\u1ec7n<\/p>\n<\/div>\n                    <div class=\"services-signle_readmore\"><a href=\"https:\/\/kn-vn.com\/vi\/service\/construction-design-architecture-civil-structure-mepf\/\" class=\"services-signle_btn\">read more<\/a><\/div>\n                <\/div><div class=\"service-single\">\n                    <div class=\"services-single_icon\"><img decoding=\"async\" src=\"https:\/\/kn-vn.com\/wp-content\/uploads\/2021\/11\/investment.svg\" alt=\"T\u01af V\u1ea4N \u0110\u1ea6U T\u01af \/ NGHI\u00caN C\u1ee8U KH\u1ea2 THI \/ T\u00ccM NH\u00c0 \u0110\u1ea6U T\u01af \/ C\u1ea4P V\u1ed0N D\u1ef0 \u00c1N.\"><\/div>\n                    <div class=\"services-single_title\"><a href=\"https:\/\/kn-vn.com\/vi\/service\/investment-consultancy-feasibility-study-finding-investor-project-funding\/\">T\u01af V\u1ea4N \u0110\u1ea6U T\u01af \/ NGHI\u00caN C\u1ee8U KH\u1ea2 THI \/ T\u00ccM NH\u00c0 \u0110\u1ea6U T\u01af \/ C\u1ea4P V\u1ed0N D\u1ef0 \u00c1N.<\/a><\/div>\n                    <div class=\"services-single_text\"><p>D\u1ecbch v\u1ee5 c\u1ee7a ch\u00fang t\u00f4i bao g\u1ed3m chu\u1ea9n b\u1ecb l\u1eadp k\u1ebf ho\u1ea1ch d\u1ef1 \u00e1n, l\u1eadp ch\u01b0\u01a1ng tr\u00ecnh d\u1ef1 \u00e1n, nghi\u00ean c\u1ee9u th\u1ecb tr\u01b0\u1eddng, nghi\u00ean c\u1ee9u kh\u1ea3 thi, t\u00ecm ki\u1ebfm nh\u00e0 \u0111\u1ea7u t\u01b0 cho d\u1ef1 \u00e1n c\u1ee7a b\u1ea1n c\u0169ng nh\u01b0 t\u00e0i tr\u1ee3 c\u1ea5p v\u1ed1n cho d\u1ef1 \u00e1n.<\/p>\n<\/div>\n                    <div class=\"services-signle_readmore\"><a href=\"https:\/\/kn-vn.com\/vi\/service\/investment-consultancy-feasibility-study-finding-investor-project-funding\/\" class=\"services-signle_btn\">read more<\/a><\/div>\n                <\/div><div class=\"service-single\">\n                    <div class=\"services-single_icon\"><img decoding=\"async\" src=\"https:\/\/kn-vn.com\/wp-content\/uploads\/2021\/11\/project-manager.svg\" alt=\"QU\u1ea2N L\u00dd D\u1ef0 \u00c1N \/ QU\u1ea2N L\u00dd X\u00c2Y D\u1ef0NG \/ T\u01af V\u1ea4N GI\u00c1M S\u00c1T X\u00c2Y D\u1ef0NG\"><\/div>\n                    <div class=\"services-single_title\"><a href=\"https:\/\/kn-vn.com\/vi\/service\/project-management-construction-management-construction-supervision\/\">QU\u1ea2N L\u00dd D\u1ef0 \u00c1N \/ QU\u1ea2N L\u00dd X\u00c2Y D\u1ef0NG \/ T\u01af V\u1ea4N GI\u00c1M S\u00c1T X\u00c2Y D\u1ef0NG<\/a><\/div>\n                    <div class=\"services-single_text\"><p>D\u1ecbch v\u1ee5 qu\u1ea3n l\u00fd d\u1ef1 \u00e1n \/ qu\u1ea3n l\u00fd x\u00e2y d\u1ef1ng c\u1ee7a ch\u00fang t\u00f4i li\u00ean quan \u0111\u1ebfn vi\u1ec7c ph\u00e1t tri\u1ec3n m\u1ed9t k\u1ebf ho\u1ea1ch cho m\u1ed9t d\u1ef1 \u00e1n x\u00e2y d\u1ef1ng c\u1ee5 th\u1ec3, t\u1eadp h\u1ee3p con ng\u01b0\u1eddi, v\u1eadt li\u1ec7u v\u00e0 thi\u1ebft b\u1ecb c\u1ea7n thi\u1ebft \u0111\u1ec3 ho\u00e0n th\u00e0nh d\u1ef1 \u00e1n v\u00e0 \u0111\u1ea3m b\u1ea3o r\u1eb1ng \u1edf m\u1ed7i giai \u0111o\u1ea1n, m\u1ed7i b\u00ean li\u00ean quan tham gia v\u00e0o d\u1ef1 \u00e1n ho\u00e0n th\u00e0nh ph\u1ea7n c\u1ee7a h\u1ecd m\u1ed9t c\u00e1ch k\u1ecbp th\u1eddi , v\u1edbi ch\u1ea5t l\u01b0\u1ee3ng cao v\u00e0 chi ph\u00ed h\u1ee3p l\u00fd. Tr\u00ean h\u1ebft an to\u00e0n l\u00e0 \u01b0u ti\u00ean h\u00e0ng \u0111\u1ea7u c\u1ee7a ch\u00fang t\u00f4i. Ch\u00fang t\u00f4i c\u0169ng cam k\u1ebft v\u1edbi chi\u1ebfn l\u01b0\u1ee3c th\u00e2n thi\u1ec7n v\u1edbi m\u00f4i tr\u01b0\u1eddng. Ch\u00fang t\u00f4i qu\u1ea3n l\u00fd t\u1ea5t c\u1ea3 c\u00e1c kh\u00eda c\u1ea1nh c\u1ee7a to\u00e0n b\u1ed9 v\u00f2ng \u0111\u1eddi d\u1ef1 \u00e1n \u0111\u1ec3 \u0111\u1ea3m b\u1ea3o l\u1ee3i \u00edch t\u1ed1t nh\u1ea5t c\u1ee7a kh\u00e1ch h\u00e0ng.<\/p>\n<\/div>\n                    <div class=\"services-signle_readmore\"><a href=\"https:\/\/kn-vn.com\/vi\/service\/project-management-construction-management-construction-supervision\/\" class=\"services-signle_btn\">read more<\/a><\/div>\n                <\/div><\/div><\/div>\n\t\t\t\t<\/div>\n\t\t\t\t<\/div>\n\t\t\t\t\t<\/div>\n\t\t<\/div>\n\t\t\t\t\t<\/div>\n\t\t<\/section>\n\t\t\t\t<\/div>\n\t\t","protected":false},"excerpt":{"rendered":"<p>Home Service SERVICE OUR SERVICE<\/p>\n","protected":false},"author":1,"featured_media":2612,"parent":0,"menu_order":0,"comment_status":"closed","ping_status":"closed","template":"","meta":{"_acf_changed":false,"inline_featured_image":false,"footnotes":""},"class_list":["post-992","page","type-page","status-publish","has-post-thumbnail","hentry"],"acf":[],"_links":{"self":[{"href":"https:\/\/kn-vn.com\/vi\/wp-json\/wp\/v2\/pages\/992","targetHints":{"allow":["GET"]}}],"collection":[{"href":"https:\/\/kn-vn.com\/vi\/wp-json\/wp\/v2\/pages"}],"about":[{"href":"https:\/\/kn-vn.com\/vi\/wp-json\/wp\/v2\/types\/page"}],"author":[{"embeddable":true,"href":"https:\/\/kn-vn.com\/vi\/wp-json\/wp\/v2\/users\/1"}],"replies":[{"embeddable":true,"href":"https:\/\/kn-vn.com\/vi\/wp-json\/wp\/v2\/comments?post=992"}],"version-history":[{"count":20,"href":"https:\/\/kn-vn.com\/vi\/wp-json\/wp\/v2\/pages\/992\/revisions"}],"predecessor-version":[{"id":2714,"href":"https:\/\/kn-vn.com\/vi\/wp-json\/wp\/v2\/pages\/992\/revisions\/2714"}],"wp:featuredmedia":[{"embeddable":true,"href":"https:\/\/kn-vn.com\/vi\/wp-json\/wp\/v2\/media\/2612"}],"wp:attachment":[{"href":"https:\/\/kn-vn.com\/vi\/wp-json\/wp\/v2\/media?parent=992"}],"curies":[{"name":"wp","href":"https:\/\/api.w.org\/{rel}","templated":true}]}}