{"id":984,"date":"2021-11-28T16:15:43","date_gmt":"2021-11-28T09:15:43","guid":{"rendered":"https:\/\/mixteam.cf\/kn\/our-clients\/"},"modified":"2022-01-10T19:16:14","modified_gmt":"2022-01-10T12:16:14","slug":"our-clients","status":"publish","type":"page","link":"https:\/\/kn-vn.com\/vi\/our-clients\/","title":{"rendered":"Kh\u00e1ch h\u00e0ng"},"content":{"rendered":"\t\t<div data-elementor-type=\"wp-page\" data-elementor-id=\"984\" class=\"elementor elementor-984\">\n\t\t\t\t\t\t<section class=\"elementor-section elementor-top-section elementor-element elementor-element-3a972fb elementor-section-height-min-height hero-section-s-header elementor-section-boxed elementor-section-height-default elementor-section-items-middle elementor-invisible\" data-id=\"3a972fb\" data-element_type=\"section\" data-settings=\"{&quot;background_background&quot;:&quot;classic&quot;,&quot;animation&quot;:&quot;fadeIn&quot;}\">\n\t\t\t\t\t\t<div class=\"elementor-container elementor-column-gap-default\">\n\t\t\t\t\t<div class=\"elementor-column elementor-col-100 elementor-top-column elementor-element elementor-element-a22b983\" data-id=\"a22b983\" data-element_type=\"column\">\n\t\t\t<div class=\"elementor-widget-wrap elementor-element-populated\">\n\t\t\t\t\t\t<div class=\"elementor-element elementor-element-647891f elementor-icon-list--layout-inline elementor-align-center icon-list-breadcrumb elementor-list-item-link-full_width elementor-widget elementor-widget-icon-list\" data-id=\"647891f\" data-element_type=\"widget\" data-widget_type=\"icon-list.default\">\n\t\t\t\t<div class=\"elementor-widget-container\">\n\t\t\t\t\t<ul class=\"elementor-icon-list-items elementor-inline-items\">\n\t\t\t\t\t\t\t<li class=\"elementor-icon-list-item elementor-inline-item\">\n\t\t\t\t\t\t\t\t\t\t\t<a href=\"\/vi\/\">\n\n\t\t\t\t\t\t\t\t\t\t\t<span class=\"elementor-icon-list-text\">Trang ch\u1ee7<\/span>\n\t\t\t\t\t\t\t\t\t\t\t<\/a>\n\t\t\t\t\t\t\t\t\t<\/li>\n\t\t\t\t\t\t\t\t<li class=\"elementor-icon-list-item elementor-inline-item\">\n\t\t\t\t\t\t\t\t\t\t\t<a href=\"\/vi\/our-clients\/\">\n\n\t\t\t\t\t\t\t\t\t\t\t<span class=\"elementor-icon-list-text\">Kh\u00e1ch h\u00e0ng<\/span>\n\t\t\t\t\t\t\t\t\t\t\t<\/a>\n\t\t\t\t\t\t\t\t\t<\/li>\n\t\t\t\t\t\t<\/ul>\n\t\t\t\t<\/div>\n\t\t\t\t<\/div>\n\t\t\t\t<div class=\"elementor-element elementor-element-00a1c67 elementor-widget elementor-widget-heading\" data-id=\"00a1c67\" data-element_type=\"widget\" data-widget_type=\"heading.default\">\n\t\t\t\t<div class=\"elementor-widget-container\">\n\t\t\t<h2 class=\"elementor-heading-title elementor-size-default\">KH\u00c1CH H\u00c0NG C\u1ee6A CH\u00daNG T\u00d4I<\/h2>\t\t<\/div>\n\t\t\t\t<\/div>\n\t\t\t\t\t<\/div>\n\t\t<\/div>\n\t\t\t\t\t<\/div>\n\t\t<\/section>\n\t\t\t\t<section class=\"elementor-section elementor-top-section elementor-element elementor-element-e043ada elementor-section-boxed elementor-section-height-default elementor-section-height-default\" data-id=\"e043ada\" data-element_type=\"section\" data-settings=\"{&quot;background_background&quot;:&quot;classic&quot;}\">\n\t\t\t\t\t\t<div class=\"elementor-container elementor-column-gap-default\">\n\t\t\t\t\t<div class=\"elementor-column elementor-col-100 elementor-top-column elementor-element elementor-element-40581bb our-clients-list elementor-invisible\" data-id=\"40581bb\" data-element_type=\"column\" data-settings=\"{&quot;animation&quot;:&quot;fadeIn&quot;}\">\n\t\t\t<div class=\"elementor-widget-wrap elementor-element-populated\">\n\t\t\t\t\t\t<div class=\"elementor-element elementor-element-d6b79f6 elementor-widget elementor-widget-image\" data-id=\"d6b79f6\" data-element_type=\"widget\" data-widget_type=\"image.default\">\n\t\t\t\t<div class=\"elementor-widget-container\">\n\t\t\t\t\t\t\t\t\t\t\t\t\t<img decoding=\"async\" width=\"180\" height=\"180\" src=\"https:\/\/kn-vn.com\/wp-content\/uploads\/2021\/11\/1-anz-240x240-1.png\" class=\"attachment-full size-full wp-image-605\" alt=\"\" srcset=\"https:\/\/kn-vn.com\/wp-content\/uploads\/2021\/11\/1-anz-240x240-1.png 180w, https:\/\/kn-vn.com\/wp-content\/uploads\/2021\/11\/1-anz-240x240-1-150x150.png 150w\" sizes=\"(max-width: 180px) 100vw, 180px\" \/>\t\t\t\t\t\t\t\t\t\t\t\t\t<\/div>\n\t\t\t\t<\/div>\n\t\t\t\t<div class=\"elementor-element elementor-element-2ad24c4 elementor-widget elementor-widget-image\" data-id=\"2ad24c4\" data-element_type=\"widget\" data-widget_type=\"image.default\">\n\t\t\t\t<div class=\"elementor-widget-container\">\n\t\t\t\t\t\t\t\t\t\t\t\t\t<img decoding=\"async\" width=\"180\" height=\"180\" src=\"https:\/\/kn-vn.com\/wp-content\/uploads\/2021\/11\/1-centurion-240x153-1.png\" class=\"attachment-full size-full wp-image-604\" alt=\"\" srcset=\"https:\/\/kn-vn.com\/wp-content\/uploads\/2021\/11\/1-centurion-240x153-1.png 180w, https:\/\/kn-vn.com\/wp-content\/uploads\/2021\/11\/1-centurion-240x153-1-150x150.png 150w\" sizes=\"(max-width: 180px) 100vw, 180px\" \/>\t\t\t\t\t\t\t\t\t\t\t\t\t<\/div>\n\t\t\t\t<\/div>\n\t\t\t\t<div class=\"elementor-element elementor-element-0d25c6e elementor-widget elementor-widget-image\" data-id=\"0d25c6e\" data-element_type=\"widget\" data-widget_type=\"image.default\">\n\t\t\t\t<div class=\"elementor-widget-container\">\n\t\t\t\t\t\t\t\t\t\t\t\t\t<img decoding=\"async\" width=\"180\" height=\"180\" src=\"https:\/\/kn-vn.com\/wp-content\/uploads\/2021\/11\/2-hado-group-240x240-1.png\" class=\"attachment-full size-full wp-image-603\" alt=\"\" srcset=\"https:\/\/kn-vn.com\/wp-content\/uploads\/2021\/11\/2-hado-group-240x240-1.png 180w, https:\/\/kn-vn.com\/wp-content\/uploads\/2021\/11\/2-hado-group-240x240-1-150x150.png 150w\" sizes=\"(max-width: 180px) 100vw, 180px\" \/>\t\t\t\t\t\t\t\t\t\t\t\t\t<\/div>\n\t\t\t\t<\/div>\n\t\t\t\t<div class=\"elementor-element elementor-element-e941139 elementor-widget elementor-widget-image\" data-id=\"e941139\" data-element_type=\"widget\" data-widget_type=\"image.default\">\n\t\t\t\t<div class=\"elementor-widget-container\">\n\t\t\t\t\t\t\t\t\t\t\t\t\t<img loading=\"lazy\" decoding=\"async\" width=\"180\" height=\"180\" src=\"https:\/\/kn-vn.com\/wp-content\/uploads\/2021\/11\/2-phu-my-hung-240x240-1.png\" class=\"attachment-full size-full wp-image-602\" alt=\"\" srcset=\"https:\/\/kn-vn.com\/wp-content\/uploads\/2021\/11\/2-phu-my-hung-240x240-1.png 180w, https:\/\/kn-vn.com\/wp-content\/uploads\/2021\/11\/2-phu-my-hung-240x240-1-150x150.png 150w\" sizes=\"(max-width: 180px) 100vw, 180px\" \/>\t\t\t\t\t\t\t\t\t\t\t\t\t<\/div>\n\t\t\t\t<\/div>\n\t\t\t\t<div class=\"elementor-element elementor-element-9e88582 elementor-widget elementor-widget-image\" data-id=\"9e88582\" data-element_type=\"widget\" data-widget_type=\"image.default\">\n\t\t\t\t<div class=\"elementor-widget-container\">\n\t\t\t\t\t\t\t\t\t\t\t\t\t<img loading=\"lazy\" decoding=\"async\" width=\"198\" height=\"198\" src=\"https:\/\/kn-vn.com\/wp-content\/uploads\/2021\/11\/1-fulbright-university-seal-240x240-1.png\" class=\"attachment-full size-full wp-image-601\" alt=\"\" srcset=\"https:\/\/kn-vn.com\/wp-content\/uploads\/2021\/11\/1-fulbright-university-seal-240x240-1.png 198w, https:\/\/kn-vn.com\/wp-content\/uploads\/2021\/11\/1-fulbright-university-seal-240x240-1-150x150.png 150w\" sizes=\"(max-width: 198px) 100vw, 198px\" \/>\t\t\t\t\t\t\t\t\t\t\t\t\t<\/div>\n\t\t\t\t<\/div>\n\t\t\t\t<div class=\"elementor-element elementor-element-18331b2 elementor-widget elementor-widget-image\" data-id=\"18331b2\" data-element_type=\"widget\" data-widget_type=\"image.default\">\n\t\t\t\t<div class=\"elementor-widget-container\">\n\t\t\t\t\t\t\t\t\t\t\t\t\t<img loading=\"lazy\" decoding=\"async\" width=\"180\" height=\"180\" src=\"https:\/\/kn-vn.com\/wp-content\/uploads\/2021\/11\/1-jaquar-225x225-1.png\" class=\"attachment-full size-full wp-image-600\" alt=\"\" srcset=\"https:\/\/kn-vn.com\/wp-content\/uploads\/2021\/11\/1-jaquar-225x225-1.png 180w, https:\/\/kn-vn.com\/wp-content\/uploads\/2021\/11\/1-jaquar-225x225-1-150x150.png 150w\" sizes=\"(max-width: 180px) 100vw, 180px\" \/>\t\t\t\t\t\t\t\t\t\t\t\t\t<\/div>\n\t\t\t\t<\/div>\n\t\t\t\t<div class=\"elementor-element elementor-element-5839333 elementor-widget elementor-widget-image\" data-id=\"5839333\" data-element_type=\"widget\" data-widget_type=\"image.default\">\n\t\t\t\t<div class=\"elementor-widget-container\">\n\t\t\t\t\t\t\t\t\t\t\t\t\t<img loading=\"lazy\" decoding=\"async\" width=\"180\" height=\"180\" src=\"https:\/\/kn-vn.com\/wp-content\/uploads\/2021\/11\/1-pepsico-225x224-1.png\" class=\"attachment-full size-full wp-image-599\" alt=\"\" srcset=\"https:\/\/kn-vn.com\/wp-content\/uploads\/2021\/11\/1-pepsico-225x224-1.png 180w, https:\/\/kn-vn.com\/wp-content\/uploads\/2021\/11\/1-pepsico-225x224-1-150x150.png 150w\" sizes=\"(max-width: 180px) 100vw, 180px\" \/>\t\t\t\t\t\t\t\t\t\t\t\t\t<\/div>\n\t\t\t\t<\/div>\n\t\t\t\t<div class=\"elementor-element elementor-element-b0783c9 elementor-widget elementor-widget-image\" data-id=\"b0783c9\" data-element_type=\"widget\" data-widget_type=\"image.default\">\n\t\t\t\t<div class=\"elementor-widget-container\">\n\t\t\t\t\t\t\t\t\t\t\t\t\t<img loading=\"lazy\" decoding=\"async\" width=\"180\" height=\"180\" src=\"https:\/\/kn-vn.com\/wp-content\/uploads\/2021\/11\/2-daiphuc-225x225-1.png\" class=\"attachment-full size-full wp-image-598\" alt=\"\" srcset=\"https:\/\/kn-vn.com\/wp-content\/uploads\/2021\/11\/2-daiphuc-225x225-1.png 180w, https:\/\/kn-vn.com\/wp-content\/uploads\/2021\/11\/2-daiphuc-225x225-1-150x150.png 150w\" sizes=\"(max-width: 180px) 100vw, 180px\" \/>\t\t\t\t\t\t\t\t\t\t\t\t\t<\/div>\n\t\t\t\t<\/div>\n\t\t\t\t<div class=\"elementor-element elementor-element-ddd311d elementor-widget elementor-widget-image\" data-id=\"ddd311d\" data-element_type=\"widget\" data-widget_type=\"image.default\">\n\t\t\t\t<div class=\"elementor-widget-container\">\n\t\t\t\t\t\t\t\t\t\t\t\t\t<img loading=\"lazy\" decoding=\"async\" width=\"180\" height=\"180\" src=\"https:\/\/kn-vn.com\/wp-content\/uploads\/2021\/11\/3-yinhwa-240x240-1.png\" class=\"attachment-full size-full wp-image-597\" alt=\"\" srcset=\"https:\/\/kn-vn.com\/wp-content\/uploads\/2021\/11\/3-yinhwa-240x240-1.png 180w, https:\/\/kn-vn.com\/wp-content\/uploads\/2021\/11\/3-yinhwa-240x240-1-150x150.png 150w\" sizes=\"(max-width: 180px) 100vw, 180px\" \/>\t\t\t\t\t\t\t\t\t\t\t\t\t<\/div>\n\t\t\t\t<\/div>\n\t\t\t\t<div class=\"elementor-element elementor-element-9f6adf0 elementor-widget elementor-widget-image\" data-id=\"9f6adf0\" data-element_type=\"widget\" data-widget_type=\"image.default\">\n\t\t\t\t<div class=\"elementor-widget-container\">\n\t\t\t\t\t\t\t\t\t\t\t\t\t<img loading=\"lazy\" decoding=\"async\" width=\"180\" height=\"180\" src=\"https:\/\/kn-vn.com\/wp-content\/uploads\/2021\/11\/4-john-von-neuman-240x214-1.png\" class=\"attachment-full size-full wp-image-596\" alt=\"\" srcset=\"https:\/\/kn-vn.com\/wp-content\/uploads\/2021\/11\/4-john-von-neuman-240x214-1.png 180w, https:\/\/kn-vn.com\/wp-content\/uploads\/2021\/11\/4-john-von-neuman-240x214-1-150x150.png 150w\" sizes=\"(max-width: 180px) 100vw, 180px\" \/>\t\t\t\t\t\t\t\t\t\t\t\t\t<\/div>\n\t\t\t\t<\/div>\n\t\t\t\t<div class=\"elementor-element elementor-element-c63d1cb elementor-widget elementor-widget-image\" data-id=\"c63d1cb\" data-element_type=\"widget\" data-widget_type=\"image.default\">\n\t\t\t\t<div class=\"elementor-widget-container\">\n\t\t\t\t\t\t\t\t\t\t\t\t\t<img loading=\"lazy\" decoding=\"async\" width=\"180\" height=\"180\" src=\"https:\/\/kn-vn.com\/wp-content\/uploads\/2021\/11\/3-vfc-225x225-1.png\" class=\"attachment-full size-full wp-image-595\" alt=\"\" srcset=\"https:\/\/kn-vn.com\/wp-content\/uploads\/2021\/11\/3-vfc-225x225-1.png 180w, https:\/\/kn-vn.com\/wp-content\/uploads\/2021\/11\/3-vfc-225x225-1-150x150.png 150w\" sizes=\"(max-width: 180px) 100vw, 180px\" \/>\t\t\t\t\t\t\t\t\t\t\t\t\t<\/div>\n\t\t\t\t<\/div>\n\t\t\t\t<div class=\"elementor-element elementor-element-9e30121 elementor-widget elementor-widget-image\" data-id=\"9e30121\" data-element_type=\"widget\" data-widget_type=\"image.default\">\n\t\t\t\t<div class=\"elementor-widget-container\">\n\t\t\t\t\t\t\t\t\t\t\t\t\t<img loading=\"lazy\" decoding=\"async\" width=\"180\" height=\"180\" src=\"https:\/\/kn-vn.com\/wp-content\/uploads\/2021\/11\/4-bloq-225x225-1.png\" class=\"attachment-full size-full wp-image-594\" alt=\"\" srcset=\"https:\/\/kn-vn.com\/wp-content\/uploads\/2021\/11\/4-bloq-225x225-1.png 180w, https:\/\/kn-vn.com\/wp-content\/uploads\/2021\/11\/4-bloq-225x225-1-150x150.png 150w\" sizes=\"(max-width: 180px) 100vw, 180px\" \/>\t\t\t\t\t\t\t\t\t\t\t\t\t<\/div>\n\t\t\t\t<\/div>\n\t\t\t\t<div class=\"elementor-element elementor-element-7fd44f6 elementor-widget elementor-widget-image\" data-id=\"7fd44f6\" data-element_type=\"widget\" data-widget_type=\"image.default\">\n\t\t\t\t<div class=\"elementor-widget-container\">\n\t\t\t\t\t\t\t\t\t\t\t\t\t<img loading=\"lazy\" decoding=\"async\" width=\"180\" height=\"180\" src=\"https:\/\/kn-vn.com\/wp-content\/uploads\/2021\/11\/3-syngenta-240x180-1.png\" class=\"attachment-full size-full wp-image-593\" alt=\"\" srcset=\"https:\/\/kn-vn.com\/wp-content\/uploads\/2021\/11\/3-syngenta-240x180-1.png 180w, https:\/\/kn-vn.com\/wp-content\/uploads\/2021\/11\/3-syngenta-240x180-1-150x150.png 150w\" sizes=\"(max-width: 180px) 100vw, 180px\" \/>\t\t\t\t\t\t\t\t\t\t\t\t\t<\/div>\n\t\t\t\t<\/div>\n\t\t\t\t<div class=\"elementor-element elementor-element-61cabe4 elementor-widget elementor-widget-image\" data-id=\"61cabe4\" data-element_type=\"widget\" data-widget_type=\"image.default\">\n\t\t\t\t<div class=\"elementor-widget-container\">\n\t\t\t\t\t\t\t\t\t\t\t\t\t<img loading=\"lazy\" decoding=\"async\" width=\"180\" height=\"180\" src=\"https:\/\/kn-vn.com\/wp-content\/uploads\/2021\/11\/Repeat-Grid-1.png\" class=\"attachment-full size-full wp-image-589\" alt=\"\" srcset=\"https:\/\/kn-vn.com\/wp-content\/uploads\/2021\/11\/Repeat-Grid-1.png 180w, https:\/\/kn-vn.com\/wp-content\/uploads\/2021\/11\/Repeat-Grid-1-150x150.png 150w\" sizes=\"(max-width: 180px) 100vw, 180px\" \/>\t\t\t\t\t\t\t\t\t\t\t\t\t<\/div>\n\t\t\t\t<\/div>\n\t\t\t\t<div class=\"elementor-element elementor-element-9558072 elementor-widget elementor-widget-image\" data-id=\"9558072\" data-element_type=\"widget\" data-widget_type=\"image.default\">\n\t\t\t\t<div class=\"elementor-widget-container\">\n\t\t\t\t\t\t\t\t\t\t\t\t\t<img loading=\"lazy\" decoding=\"async\" width=\"180\" height=\"180\" src=\"https:\/\/kn-vn.com\/wp-content\/uploads\/2021\/11\/himlam.png\" class=\"attachment-full size-full wp-image-590\" alt=\"\" srcset=\"https:\/\/kn-vn.com\/wp-content\/uploads\/2021\/11\/himlam.png 180w, https:\/\/kn-vn.com\/wp-content\/uploads\/2021\/11\/himlam-150x150.png 150w\" sizes=\"(max-width: 180px) 100vw, 180px\" \/>\t\t\t\t\t\t\t\t\t\t\t\t\t<\/div>\n\t\t\t\t<\/div>\n\t\t\t\t<div class=\"elementor-element elementor-element-4a65213 elementor-widget elementor-widget-image\" data-id=\"4a65213\" data-element_type=\"widget\" data-widget_type=\"image.default\">\n\t\t\t\t<div class=\"elementor-widget-container\">\n\t\t\t\t\t\t\t\t\t\t\t\t\t<img loading=\"lazy\" decoding=\"async\" width=\"180\" height=\"180\" src=\"https:\/\/kn-vn.com\/wp-content\/uploads\/2021\/11\/2560px-Logo_FLC_Group.png\" class=\"attachment-full size-full wp-image-591\" alt=\"\" srcset=\"https:\/\/kn-vn.com\/wp-content\/uploads\/2021\/11\/2560px-Logo_FLC_Group.png 180w, https:\/\/kn-vn.com\/wp-content\/uploads\/2021\/11\/2560px-Logo_FLC_Group-150x150.png 150w\" sizes=\"(max-width: 180px) 100vw, 180px\" \/>\t\t\t\t\t\t\t\t\t\t\t\t\t<\/div>\n\t\t\t\t<\/div>\n\t\t\t\t<div class=\"elementor-element elementor-element-d923655 elementor-widget elementor-widget-image\" data-id=\"d923655\" data-element_type=\"widget\" data-widget_type=\"image.default\">\n\t\t\t\t<div class=\"elementor-widget-container\">\n\t\t\t\t\t\t\t\t\t\t\t\t\t<img loading=\"lazy\" decoding=\"async\" width=\"180\" height=\"180\" src=\"https:\/\/kn-vn.com\/wp-content\/uploads\/2021\/11\/4-thai-bao-240x360-1.png\" class=\"attachment-full size-full wp-image-592\" alt=\"\" srcset=\"https:\/\/kn-vn.com\/wp-content\/uploads\/2021\/11\/4-thai-bao-240x360-1.png 180w, https:\/\/kn-vn.com\/wp-content\/uploads\/2021\/11\/4-thai-bao-240x360-1-150x150.png 150w\" sizes=\"(max-width: 180px) 100vw, 180px\" \/>\t\t\t\t\t\t\t\t\t\t\t\t\t<\/div>\n\t\t\t\t<\/div>\n\t\t\t\t<div class=\"elementor-element elementor-element-47f5b20 elementor-widget elementor-widget-image\" data-id=\"47f5b20\" data-element_type=\"widget\" data-widget_type=\"image.default\">\n\t\t\t\t<div class=\"elementor-widget-container\">\n\t\t\t\t\t\t\t\t\t\t\t\t\t<img loading=\"lazy\" decoding=\"async\" width=\"180\" height=\"180\" src=\"https:\/\/kn-vn.com\/wp-content\/uploads\/2021\/11\/4-belgo-logo-240x240-1.png\" class=\"attachment-full size-full wp-image-588\" alt=\"\" srcset=\"https:\/\/kn-vn.com\/wp-content\/uploads\/2021\/11\/4-belgo-logo-240x240-1.png 180w, https:\/\/kn-vn.com\/wp-content\/uploads\/2021\/11\/4-belgo-logo-240x240-1-150x150.png 150w\" sizes=\"(max-width: 180px) 100vw, 180px\" \/>\t\t\t\t\t\t\t\t\t\t\t\t\t<\/div>\n\t\t\t\t<\/div>\n\t\t\t\t<div class=\"elementor-element elementor-element-eb12734 elementor-widget elementor-widget-image\" data-id=\"eb12734\" data-element_type=\"widget\" data-widget_type=\"image.default\">\n\t\t\t\t<div class=\"elementor-widget-container\">\n\t\t\t\t\t\t\t\t\t\t\t\t\t<img loading=\"lazy\" decoding=\"async\" width=\"180\" height=\"180\" src=\"https:\/\/kn-vn.com\/wp-content\/uploads\/2021\/11\/3-dpv-163x163-1.png\" class=\"attachment-full size-full wp-image-586\" alt=\"\" srcset=\"https:\/\/kn-vn.com\/wp-content\/uploads\/2021\/11\/3-dpv-163x163-1.png 180w, https:\/\/kn-vn.com\/wp-content\/uploads\/2021\/11\/3-dpv-163x163-1-150x150.png 150w\" sizes=\"(max-width: 180px) 100vw, 180px\" \/>\t\t\t\t\t\t\t\t\t\t\t\t\t<\/div>\n\t\t\t\t<\/div>\n\t\t\t\t<div class=\"elementor-element elementor-element-415965f elementor-widget elementor-widget-image\" data-id=\"415965f\" data-element_type=\"widget\" data-widget_type=\"image.default\">\n\t\t\t\t<div class=\"elementor-widget-container\">\n\t\t\t\t\t\t\t\t\t\t\t\t\t<img loading=\"lazy\" decoding=\"async\" width=\"180\" height=\"180\" src=\"https:\/\/kn-vn.com\/wp-content\/uploads\/2021\/11\/3-luks-225x225-1.png\" class=\"attachment-full size-full wp-image-587\" alt=\"\" srcset=\"https:\/\/kn-vn.com\/wp-content\/uploads\/2021\/11\/3-luks-225x225-1.png 180w, https:\/\/kn-vn.com\/wp-content\/uploads\/2021\/11\/3-luks-225x225-1-150x150.png 150w\" sizes=\"(max-width: 180px) 100vw, 180px\" \/>\t\t\t\t\t\t\t\t\t\t\t\t\t<\/div>\n\t\t\t\t<\/div>\n\t\t\t\t\t<\/div>\n\t\t<\/div>\n\t\t\t\t\t<\/div>\n\t\t<\/section>\n\t\t\t\t<\/div>\n\t\t","protected":false},"excerpt":{"rendered":"<p>Trang ch\u1ee7 Kh\u00e1ch h\u00e0ng KH\u00c1CH H\u00c0NG C\u1ee6A CH\u00daNG T\u00d4I<\/p>\n","protected":false},"author":1,"featured_media":2612,"parent":0,"menu_order":0,"comment_status":"closed","ping_status":"closed","template":"elementor_header_footer","meta":{"_acf_changed":false,"inline_featured_image":false,"footnotes":""},"class_list":["post-984","page","type-page","status-publish","has-post-thumbnail","hentry"],"acf":[],"_links":{"self":[{"href":"https:\/\/kn-vn.com\/vi\/wp-json\/wp\/v2\/pages\/984","targetHints":{"allow":["GET"]}}],"collection":[{"href":"https:\/\/kn-vn.com\/vi\/wp-json\/wp\/v2\/pages"}],"about":[{"href":"https:\/\/kn-vn.com\/vi\/wp-json\/wp\/v2\/types\/page"}],"author":[{"embeddable":true,"href":"https:\/\/kn-vn.com\/vi\/wp-json\/wp\/v2\/users\/1"}],"replies":[{"embeddable":true,"href":"https:\/\/kn-vn.com\/vi\/wp-json\/wp\/v2\/comments?post=984"}],"version-history":[{"count":17,"href":"https:\/\/kn-vn.com\/vi\/wp-json\/wp\/v2\/pages\/984\/revisions"}],"predecessor-version":[{"id":2674,"href":"https:\/\/kn-vn.com\/vi\/wp-json\/wp\/v2\/pages\/984\/revisions\/2674"}],"wp:featuredmedia":[{"embeddable":true,"href":"https:\/\/kn-vn.com\/vi\/wp-json\/wp\/v2\/media\/2612"}],"wp:attachment":[{"href":"https:\/\/kn-vn.com\/vi\/wp-json\/wp\/v2\/media?parent=984"}],"curies":[{"name":"wp","href":"https:\/\/api.w.org\/{rel}","templated":true}]}}