{"id":974,"date":"2021-11-28T16:14:11","date_gmt":"2021-11-28T09:14:11","guid":{"rendered":"https:\/\/mixteam.cf\/kn\/contact\/"},"modified":"2022-01-10T19:17:10","modified_gmt":"2022-01-10T12:17:10","slug":"contact","status":"publish","type":"page","link":"https:\/\/kn-vn.com\/vi\/contact\/","title":{"rendered":"Li\u00ean h\u1ec7"},"content":{"rendered":"\t\t<div data-elementor-type=\"wp-page\" data-elementor-id=\"974\" class=\"elementor elementor-974\">\n\t\t\t\t\t\t<section class=\"elementor-section elementor-top-section elementor-element elementor-element-3a972fb elementor-section-height-min-height hero-section-s-header elementor-section-boxed elementor-section-height-default elementor-section-items-middle elementor-invisible\" data-id=\"3a972fb\" data-element_type=\"section\" data-settings=\"{&quot;background_background&quot;:&quot;classic&quot;,&quot;animation&quot;:&quot;fadeIn&quot;}\">\n\t\t\t\t\t\t<div class=\"elementor-container elementor-column-gap-default\">\n\t\t\t\t\t<div class=\"elementor-column elementor-col-100 elementor-top-column elementor-element elementor-element-a22b983\" data-id=\"a22b983\" data-element_type=\"column\">\n\t\t\t<div class=\"elementor-widget-wrap elementor-element-populated\">\n\t\t\t\t\t\t<div class=\"elementor-element elementor-element-647891f elementor-icon-list--layout-inline elementor-align-center icon-list-breadcrumb elementor-list-item-link-full_width elementor-widget elementor-widget-icon-list\" data-id=\"647891f\" data-element_type=\"widget\" data-widget_type=\"icon-list.default\">\n\t\t\t\t<div class=\"elementor-widget-container\">\n\t\t\t\t\t<ul class=\"elementor-icon-list-items elementor-inline-items\">\n\t\t\t\t\t\t\t<li class=\"elementor-icon-list-item elementor-inline-item\">\n\t\t\t\t\t\t\t\t\t\t\t<a href=\"\/vi\/\">\n\n\t\t\t\t\t\t\t\t\t\t\t<span class=\"elementor-icon-list-text\">Trang ch\u1ee7<\/span>\n\t\t\t\t\t\t\t\t\t\t\t<\/a>\n\t\t\t\t\t\t\t\t\t<\/li>\n\t\t\t\t\t\t\t\t<li class=\"elementor-icon-list-item elementor-inline-item\">\n\t\t\t\t\t\t\t\t\t\t\t<a href=\"\/vi\/contact\/\">\n\n\t\t\t\t\t\t\t\t\t\t\t<span class=\"elementor-icon-list-text\">Li\u00ean h\u1ec7<\/span>\n\t\t\t\t\t\t\t\t\t\t\t<\/a>\n\t\t\t\t\t\t\t\t\t<\/li>\n\t\t\t\t\t\t<\/ul>\n\t\t\t\t<\/div>\n\t\t\t\t<\/div>\n\t\t\t\t<div class=\"elementor-element elementor-element-00a1c67 elementor-widget elementor-widget-heading\" data-id=\"00a1c67\" data-element_type=\"widget\" data-widget_type=\"heading.default\">\n\t\t\t\t<div class=\"elementor-widget-container\">\n\t\t\t<h2 class=\"elementor-heading-title elementor-size-default\">LI\u00caN H\u1ec6<\/h2>\t\t<\/div>\n\t\t\t\t<\/div>\n\t\t\t\t\t<\/div>\n\t\t<\/div>\n\t\t\t\t\t<\/div>\n\t\t<\/section>\n\t\t\t\t<section class=\"elementor-section elementor-top-section elementor-element elementor-element-e043ada elementor-section-boxed elementor-section-height-default elementor-section-height-default\" data-id=\"e043ada\" data-element_type=\"section\" data-settings=\"{&quot;background_background&quot;:&quot;classic&quot;}\">\n\t\t\t\t\t\t<div class=\"elementor-container elementor-column-gap-default\">\n\t\t\t\t\t<div class=\"elementor-column elementor-col-100 elementor-top-column elementor-element elementor-element-40581bb\" data-id=\"40581bb\" data-element_type=\"column\">\n\t\t\t<div class=\"elementor-widget-wrap elementor-element-populated\">\n\t\t\t\t\t\t<div class=\"elementor-element elementor-element-93b8283 elementor-widget elementor-widget-heading\" data-id=\"93b8283\" data-element_type=\"widget\" data-widget_type=\"heading.default\">\n\t\t\t\t<div class=\"elementor-widget-container\">\n\t\t\t<h2 class=\"elementor-heading-title elementor-size-default\">\u0110\u1ecba ch\u1ec9<\/h2>\t\t<\/div>\n\t\t\t\t<\/div>\n\t\t\t\t<section class=\"elementor-section elementor-inner-section elementor-element elementor-element-924dd58 elementor-section-full_width elementor-section-height-default elementor-section-height-default\" data-id=\"924dd58\" data-element_type=\"section\">\n\t\t\t\t\t\t<div class=\"elementor-container elementor-column-gap-default\">\n\t\t\t\t\t<div class=\"elementor-column elementor-col-50 elementor-inner-column elementor-element elementor-element-67a454e\" data-id=\"67a454e\" data-element_type=\"column\" data-settings=\"{&quot;background_background&quot;:&quot;classic&quot;}\">\n\t\t\t<div class=\"elementor-widget-wrap elementor-element-populated\">\n\t\t\t\t\t\t<div class=\"elementor-element elementor-element-c0ca942 elementor-widget elementor-widget-heading\" data-id=\"c0ca942\" data-element_type=\"widget\" data-widget_type=\"heading.default\">\n\t\t\t\t<div class=\"elementor-widget-container\">\n\t\t\t<h2 class=\"elementor-heading-title elementor-size-default\">V\u0103n ph\u00f2ng Tp. \u0110\u00e0 N\u1eb5ng<\/h2>\t\t<\/div>\n\t\t\t\t<\/div>\n\t\t\t\t<div class=\"elementor-element elementor-element-c3d8b76 elementor-widget elementor-widget-text-editor\" data-id=\"c3d8b76\" data-element_type=\"widget\" data-widget_type=\"text-editor.default\">\n\t\t\t\t<div class=\"elementor-widget-container\">\n\t\t\t\t\t\t\t<p>L\u00f4 395 \u0110\u01b0\u1eddng Nguy\u1ec5n Huy Ch\u01b0\u01a1ng,\u00a0Ph\u01b0\u1eddng M\u00e2n Th\u00e1i, Qu\u1eadn S\u01a1n Tr\u00e0, Tp. \u0110\u00e0 N\u1eb5ng<br \/>\nEmail: info@kn-vn.com<br \/>\n(+84) (28) 22 119 113<\/p>\n\t\t\t\t\t\t<\/div>\n\t\t\t\t<\/div>\n\t\t\t\t\t<\/div>\n\t\t<\/div>\n\t\t\t\t<div class=\"elementor-column elementor-col-50 elementor-inner-column elementor-element elementor-element-c1a6264\" data-id=\"c1a6264\" data-element_type=\"column\" data-settings=\"{&quot;background_background&quot;:&quot;classic&quot;}\">\n\t\t\t<div class=\"elementor-widget-wrap elementor-element-populated\">\n\t\t\t\t\t\t<div class=\"elementor-element elementor-element-eac8e12 elementor-widget elementor-widget-heading\" data-id=\"eac8e12\" data-element_type=\"widget\" data-widget_type=\"heading.default\">\n\t\t\t\t<div class=\"elementor-widget-container\">\n\t\t\t<h2 class=\"elementor-heading-title elementor-size-default\">V\u0103n ph\u00f2ng Tp. H\u1ed3 Ch\u00ed Minh<\/h2>\t\t<\/div>\n\t\t\t\t<\/div>\n\t\t\t\t<div class=\"elementor-element elementor-element-6e49512 elementor-widget elementor-widget-text-editor\" data-id=\"6e49512\" data-element_type=\"widget\" data-widget_type=\"text-editor.default\">\n\t\t\t\t<div class=\"elementor-widget-container\">\n\t\t\t\t\t\t\t<p>L\u1ea7u 3, To\u00e0 nh\u00e0 Mink, s\u1ed1 7A Lam S\u01a1n,<br \/>\nPh\u01b0\u1eddng 02, Qu\u1eadn T\u00e2n B\u00ecnh, Tp. H\u1ed3 Ch\u00ed Minh<br \/>\nEmail: info@kn-vn.com<br \/>\n(+84) (28) 22 119 113<\/p>\n\t\t\t\t\t\t<\/div>\n\t\t\t\t<\/div>\n\t\t\t\t\t<\/div>\n\t\t<\/div>\n\t\t\t\t\t<\/div>\n\t\t<\/section>\n\t\t\t\t\t<\/div>\n\t\t<\/div>\n\t\t\t\t\t<\/div>\n\t\t<\/section>\n\t\t\t\t<section class=\"elementor-section elementor-top-section elementor-element elementor-element-e3fa758 elementor-section-boxed elementor-section-height-default elementor-section-height-default\" data-id=\"e3fa758\" data-element_type=\"section\">\n\t\t\t\t\t\t<div class=\"elementor-container elementor-column-gap-default\">\n\t\t\t\t\t<div class=\"elementor-column elementor-col-100 elementor-top-column elementor-element elementor-element-83c465e\" data-id=\"83c465e\" data-element_type=\"column\">\n\t\t\t<div class=\"elementor-widget-wrap elementor-element-populated\">\n\t\t\t\t\t\t<div class=\"elementor-element elementor-element-c6c9ef2 elementor-widget elementor-widget-heading\" data-id=\"c6c9ef2\" data-element_type=\"widget\" data-widget_type=\"heading.default\">\n\t\t\t\t<div class=\"elementor-widget-container\">\n\t\t\t<span class=\"elementor-heading-title elementor-size-default\">LI\u00caN H\u1ec6 CH\u00daNG T\u00d4I<\/span>\t\t<\/div>\n\t\t\t\t<\/div>\n\t\t\t\t<div class=\"elementor-element elementor-element-d884f6e elementor-widget elementor-widget-heading\" data-id=\"d884f6e\" data-element_type=\"widget\" data-widget_type=\"heading.default\">\n\t\t\t\t<div class=\"elementor-widget-container\">\n\t\t\t<h2 class=\"elementor-heading-title elementor-size-default\">B\u1ea0N C\u00d3 C\u00c2U H\u1eceI ?<\/h2>\t\t<\/div>\n\t\t\t\t<\/div>\n\t\t\t\t<div class=\"elementor-element elementor-element-a421fc7 contact-form elementor-widget elementor-widget-shortcode\" data-id=\"a421fc7\" data-element_type=\"widget\" data-widget_type=\"shortcode.default\">\n\t\t\t\t<div class=\"elementor-widget-container\">\n\t\t\t\t\t<div class=\"elementor-shortcode\"><div class=\"wpforms-container wpforms-container-full\" id=\"wpforms-698\"><form id=\"wpforms-form-698\" class=\"wpforms-validate wpforms-form wpforms-ajax-form\" data-formid=\"698\" method=\"post\" enctype=\"multipart\/form-data\" action=\"\/vi\/wp-json\/wp\/v2\/pages\/974\" data-token=\"cc47eebc69c7930c8a3863a651ec96ce\" data-token-time=\"1776769778\"><noscript class=\"wpforms-error-noscript\">Please enable JavaScript in your browser to complete this form.<\/noscript><div class=\"wpforms-field-container\"><div id=\"wpforms-698-field_3-container\" class=\"wpforms-field wpforms-field-text field-name\" data-field-id=\"3\"><label class=\"wpforms-field-label wpforms-label-hide\" for=\"wpforms-698-field_3\">Your name<\/label><input type=\"text\" id=\"wpforms-698-field_3\" class=\"wpforms-field-large\" name=\"wpforms[fields][3]\" placeholder=\"Your name\" ><\/div><div id=\"wpforms-698-field_1-container\" class=\"wpforms-field wpforms-field-email field-email\" data-field-id=\"1\"><label class=\"wpforms-field-label wpforms-label-hide\" for=\"wpforms-698-field_1\">Email <span class=\"wpforms-required-label\">*<\/span><\/label><input type=\"email\" id=\"wpforms-698-field_1\" class=\"wpforms-field-large wpforms-field-required\" name=\"wpforms[fields][1]\" placeholder=\"Email address\" spellcheck=\"false\" required><\/div><div id=\"wpforms-698-field_4-container\" class=\"wpforms-field wpforms-field-text field-phone\" data-field-id=\"4\"><label class=\"wpforms-field-label wpforms-label-hide\" for=\"wpforms-698-field_4\">Phone<\/label><input type=\"text\" id=\"wpforms-698-field_4\" class=\"wpforms-field-large\" name=\"wpforms[fields][4]\" placeholder=\"Phone\" ><\/div><div id=\"wpforms-698-field_5-container\" class=\"wpforms-field wpforms-field-text field-subject\" data-field-id=\"5\"><label class=\"wpforms-field-label wpforms-label-hide\" for=\"wpforms-698-field_5\">Subject<\/label><input type=\"text\" id=\"wpforms-698-field_5\" class=\"wpforms-field-large\" name=\"wpforms[fields][5]\" placeholder=\"Subject\" ><\/div><div id=\"wpforms-698-field_2-container\" class=\"wpforms-field wpforms-field-textarea field-message\" data-field-id=\"2\"><label class=\"wpforms-field-label wpforms-label-hide\" for=\"wpforms-698-field_2\">Message <span class=\"wpforms-required-label\">*<\/span><\/label><textarea id=\"wpforms-698-field_2\" class=\"wpforms-field-large wpforms-field-required\" name=\"wpforms[fields][2]\" placeholder=\"Write message\" required><\/textarea><\/div><\/div><!-- .wpforms-field-container --><div class=\"wpforms-submit-container\" ><input type=\"hidden\" name=\"wpforms[id]\" value=\"698\"><input type=\"hidden\" name=\"page_title\" value=\"\"><input type=\"hidden\" name=\"page_url\" value=\"https:\/\/kn-vn.com\/vi\/wp-json\/wp\/v2\/pages\/974\"><button type=\"submit\" name=\"wpforms[submit]\" id=\"wpforms-submit-698\" class=\"wpforms-submit\" data-alt-text=\"Sending...\" data-submit-text=\"Send a message\" aria-live=\"assertive\" value=\"wpforms-submit\">Send a message<\/button><img decoding=\"async\" src=\"https:\/\/kn-vn.com\/wp-content\/plugins\/wpforms-lite\/assets\/images\/submit-spin.svg\" class=\"wpforms-submit-spinner\" style=\"display: none;\" width=\"26\" height=\"26\" alt=\"Loading\"><\/div><\/form><\/div>  <!-- .wpforms-container --><\/div>\n\t\t\t\t<\/div>\n\t\t\t\t<\/div>\n\t\t\t\t\t<\/div>\n\t\t<\/div>\n\t\t\t\t\t<\/div>\n\t\t<\/section>\n\t\t\t\t<section class=\"elementor-section elementor-top-section elementor-element elementor-element-d45f7b2 elementor-section-full_width elementor-section-height-default elementor-section-height-default\" data-id=\"d45f7b2\" data-element_type=\"section\">\n\t\t\t\t\t\t<div class=\"elementor-container elementor-column-gap-default\">\n\t\t\t\t\t<div class=\"elementor-column elementor-col-100 elementor-top-column elementor-element elementor-element-5475f94\" data-id=\"5475f94\" data-element_type=\"column\">\n\t\t\t<div class=\"elementor-widget-wrap elementor-element-populated\">\n\t\t\t\t\t\t<section class=\"elementor-section elementor-inner-section elementor-element elementor-element-3f33217 elementor-hidden-mobile elementor-section-boxed elementor-section-height-default elementor-section-height-default\" data-id=\"3f33217\" data-element_type=\"section\" data-settings=\"{&quot;background_background&quot;:&quot;classic&quot;}\">\n\t\t\t\t\t\t<div class=\"elementor-container elementor-column-gap-default\">\n\t\t\t\t\t<div class=\"elementor-column elementor-col-50 elementor-inner-column elementor-element elementor-element-3e594aa\" data-id=\"3e594aa\" data-element_type=\"column\">\n\t\t\t<div class=\"elementor-widget-wrap elementor-element-populated\">\n\t\t\t\t\t\t<div class=\"elementor-element elementor-element-9d99bab elementor-widget elementor-widget-heading\" data-id=\"9d99bab\" data-element_type=\"widget\" data-widget_type=\"heading.default\">\n\t\t\t\t<div class=\"elementor-widget-container\">\n\t\t\t<h2 class=\"elementor-heading-title elementor-size-default\">V\u0103n ph\u00f2ng Tp. \u0110\u00e0 N\u1eb5ng<\/h2>\t\t<\/div>\n\t\t\t\t<\/div>\n\t\t\t\t\t<\/div>\n\t\t<\/div>\n\t\t\t\t<div class=\"elementor-column elementor-col-50 elementor-inner-column elementor-element elementor-element-df4d1db\" data-id=\"df4d1db\" data-element_type=\"column\">\n\t\t\t<div class=\"elementor-widget-wrap elementor-element-populated\">\n\t\t\t\t\t\t<div class=\"elementor-element elementor-element-5abcb0e elementor-widget elementor-widget-heading\" data-id=\"5abcb0e\" data-element_type=\"widget\" data-widget_type=\"heading.default\">\n\t\t\t\t<div class=\"elementor-widget-container\">\n\t\t\t<h2 class=\"elementor-heading-title elementor-size-default\">V\u0103n ph\u00f2ng Tp. H\u1ed3 Ch\u00ed Minh<\/h2>\t\t<\/div>\n\t\t\t\t<\/div>\n\t\t\t\t\t<\/div>\n\t\t<\/div>\n\t\t\t\t\t<\/div>\n\t\t<\/section>\n\t\t\t\t<section class=\"elementor-section elementor-inner-section elementor-element elementor-element-571bf4b elementor-section-full_width elementor-section-height-default elementor-section-height-default\" data-id=\"571bf4b\" data-element_type=\"section\">\n\t\t\t\t\t\t<div class=\"elementor-container elementor-column-gap-default\">\n\t\t\t\t\t<div class=\"elementor-column elementor-col-50 elementor-inner-column elementor-element elementor-element-7cca5c9\" data-id=\"7cca5c9\" data-element_type=\"column\">\n\t\t\t<div class=\"elementor-widget-wrap elementor-element-populated\">\n\t\t\t\t\t\t<div class=\"elementor-element elementor-element-b3bf233 elementor-hidden-desktop elementor-hidden-laptop elementor-hidden-tablet elementor-widget elementor-widget-heading\" data-id=\"b3bf233\" data-element_type=\"widget\" data-widget_type=\"heading.default\">\n\t\t\t\t<div class=\"elementor-widget-container\">\n\t\t\t<h2 class=\"elementor-heading-title elementor-size-default\">V\u0103n ph\u00f2ng Tp. \u0110\u00e0 N\u1eb5ng<\/h2>\t\t<\/div>\n\t\t\t\t<\/div>\n\t\t\t\t<div class=\"elementor-element elementor-element-b571d92 elementor-widget elementor-widget-google_maps\" data-id=\"b571d92\" data-element_type=\"widget\" data-widget_type=\"google_maps.default\">\n\t\t\t\t<div class=\"elementor-widget-container\">\n\t\t\t\t\t<div class=\"elementor-custom-embed\">\n\t\t\t<iframe loading=\"lazy\"\n\t\t\t\t\tsrc=\"https:\/\/maps.google.com\/maps?q=Da%20Nang%20Office%20-%20Khang%20Nam%20Engineering&#038;t=m&#038;z=15&#038;output=embed&#038;iwloc=near\"\n\t\t\t\t\ttitle=\"Da Nang Office - Khang Nam Engineering\"\n\t\t\t\t\taria-label=\"Da Nang Office - Khang Nam Engineering\"\n\t\t\t><\/iframe>\n\t\t<\/div>\n\t\t\t\t<\/div>\n\t\t\t\t<\/div>\n\t\t\t\t\t<\/div>\n\t\t<\/div>\n\t\t\t\t<div class=\"elementor-column elementor-col-50 elementor-inner-column elementor-element elementor-element-3bb64da\" data-id=\"3bb64da\" data-element_type=\"column\" data-settings=\"{&quot;background_background&quot;:&quot;classic&quot;}\">\n\t\t\t<div class=\"elementor-widget-wrap elementor-element-populated\">\n\t\t\t\t\t\t<div class=\"elementor-element elementor-element-45c7dc8 elementor-hidden-desktop elementor-hidden-laptop elementor-hidden-tablet elementor-widget elementor-widget-heading\" data-id=\"45c7dc8\" data-element_type=\"widget\" data-widget_type=\"heading.default\">\n\t\t\t\t<div class=\"elementor-widget-container\">\n\t\t\t<h2 class=\"elementor-heading-title elementor-size-default\">V\u0103n ph\u00f2ng Tp. H\u1ed3 Ch\u00ed Minh<\/h2>\t\t<\/div>\n\t\t\t\t<\/div>\n\t\t\t\t<div class=\"elementor-element elementor-element-3747177 elementor-widget elementor-widget-google_maps\" data-id=\"3747177\" data-element_type=\"widget\" data-widget_type=\"google_maps.default\">\n\t\t\t\t<div class=\"elementor-widget-container\">\n\t\t\t\t\t<div class=\"elementor-custom-embed\">\n\t\t\t<iframe loading=\"lazy\"\n\t\t\t\t\tsrc=\"https:\/\/maps.google.com\/maps?q=C%C3%B4ng%20ty%20TNHH%20T%C6%B0%20V%E1%BA%A5n%20Thi%E1%BA%BFt%20K%E1%BA%BF%20X%C3%A2y%20D%E1%BB%B1ng%20Khang%20Nam%20H%E1%BB%93%20ch%C3%AD%20minh&#038;t=m&#038;z=15&#038;output=embed&#038;iwloc=near\"\n\t\t\t\t\ttitle=\"C\u00f4ng ty TNHH T\u01b0 V\u1ea5n Thi\u1ebft K\u1ebf X\u00e2y D\u1ef1ng Khang Nam H\u1ed3 ch\u00ed minh\"\n\t\t\t\t\taria-label=\"C\u00f4ng ty TNHH T\u01b0 V\u1ea5n Thi\u1ebft K\u1ebf X\u00e2y D\u1ef1ng Khang Nam H\u1ed3 ch\u00ed minh\"\n\t\t\t><\/iframe>\n\t\t<\/div>\n\t\t\t\t<\/div>\n\t\t\t\t<\/div>\n\t\t\t\t\t<\/div>\n\t\t<\/div>\n\t\t\t\t\t<\/div>\n\t\t<\/section>\n\t\t\t\t\t<\/div>\n\t\t<\/div>\n\t\t\t\t\t<\/div>\n\t\t<\/section>\n\t\t\t\t<\/div>\n\t\t","protected":false},"excerpt":{"rendered":"<p>Trang ch\u1ee7 Li\u00ean h\u1ec7 LI\u00caN H\u1ec6 \u0110\u1ecba ch\u1ec9 V\u0103n ph\u00f2ng Tp. \u0110\u00e0 N\u1eb5ng L\u00f4 395 \u0110\u01b0\u1eddng Nguy\u1ec5n Huy Ch\u01b0\u01a1ng,\u00a0Ph\u01b0\u1eddng M\u00e2n Th\u00e1i, Qu\u1eadn S\u01a1n Tr\u00e0, Tp. \u0110\u00e0 N\u1eb5ng Email: info@kn-vn.com (+84) (28) 22 119 113 V\u0103n ph\u00f2ng Tp. H\u1ed3 Ch\u00ed Minh L\u1ea7u 3, To\u00e0 nh\u00e0 Mink, s\u1ed1 7A Lam S\u01a1n, Ph\u01b0\u1eddng 02, Qu\u1eadn T\u00e2n B\u00ecnh, Tp. [&hellip;]<\/p>\n","protected":false},"author":1,"featured_media":2612,"parent":0,"menu_order":0,"comment_status":"closed","ping_status":"closed","template":"elementor_header_footer","meta":{"_acf_changed":false,"inline_featured_image":false,"footnotes":""},"class_list":["post-974","page","type-page","status-publish","has-post-thumbnail","hentry"],"acf":[],"_links":{"self":[{"href":"https:\/\/kn-vn.com\/vi\/wp-json\/wp\/v2\/pages\/974","targetHints":{"allow":["GET"]}}],"collection":[{"href":"https:\/\/kn-vn.com\/vi\/wp-json\/wp\/v2\/pages"}],"about":[{"href":"https:\/\/kn-vn.com\/vi\/wp-json\/wp\/v2\/types\/page"}],"author":[{"embeddable":true,"href":"https:\/\/kn-vn.com\/vi\/wp-json\/wp\/v2\/users\/1"}],"replies":[{"embeddable":true,"href":"https:\/\/kn-vn.com\/vi\/wp-json\/wp\/v2\/comments?post=974"}],"version-history":[{"count":17,"href":"https:\/\/kn-vn.com\/vi\/wp-json\/wp\/v2\/pages\/974\/revisions"}],"predecessor-version":[{"id":2677,"href":"https:\/\/kn-vn.com\/vi\/wp-json\/wp\/v2\/pages\/974\/revisions\/2677"}],"wp:featuredmedia":[{"embeddable":true,"href":"https:\/\/kn-vn.com\/vi\/wp-json\/wp\/v2\/media\/2612"}],"wp:attachment":[{"href":"https:\/\/kn-vn.com\/vi\/wp-json\/wp\/v2\/media?parent=974"}],"curies":[{"name":"wp","href":"https:\/\/api.w.org\/{rel}","templated":true}]}}