{"id":919,"date":"2021-11-28T14:45:52","date_gmt":"2021-11-28T07:45:52","guid":{"rendered":"https:\/\/mixteam.cf\/kn\/ve-chung-toi\/"},"modified":"2022-01-10T18:56:14","modified_gmt":"2022-01-10T11:56:14","slug":"ve-chung-toi","status":"publish","type":"page","link":"https:\/\/kn-vn.com\/vi\/ve-chung-toi\/","title":{"rendered":"V\u1ec1 ch\u00fang t\u00f4i"},"content":{"rendered":"\t\t<div data-elementor-type=\"wp-page\" data-elementor-id=\"919\" class=\"elementor elementor-919\">\n\t\t\t\t\t\t<section class=\"elementor-section elementor-top-section elementor-element elementor-element-3a972fb elementor-section-height-min-height hero-section-s-header elementor-section-boxed elementor-section-height-default elementor-section-items-middle elementor-invisible\" data-id=\"3a972fb\" data-element_type=\"section\" data-settings=\"{&quot;background_background&quot;:&quot;classic&quot;,&quot;animation&quot;:&quot;fadeIn&quot;}\">\n\t\t\t\t\t\t<div class=\"elementor-container elementor-column-gap-default\">\n\t\t\t\t\t<div class=\"elementor-column elementor-col-100 elementor-top-column elementor-element elementor-element-a22b983\" data-id=\"a22b983\" data-element_type=\"column\">\n\t\t\t<div class=\"elementor-widget-wrap elementor-element-populated\">\n\t\t\t\t\t\t<div class=\"elementor-element elementor-element-647891f elementor-icon-list--layout-inline elementor-align-center icon-list-breadcrumb elementor-list-item-link-full_width elementor-widget elementor-widget-icon-list\" data-id=\"647891f\" data-element_type=\"widget\" data-widget_type=\"icon-list.default\">\n\t\t\t\t<div class=\"elementor-widget-container\">\n\t\t\t\t\t<ul class=\"elementor-icon-list-items elementor-inline-items\">\n\t\t\t\t\t\t\t<li class=\"elementor-icon-list-item elementor-inline-item\">\n\t\t\t\t\t\t\t\t\t\t\t<a href=\"\/vi\/\">\n\n\t\t\t\t\t\t\t\t\t\t\t<span class=\"elementor-icon-list-text\">Trang ch\u1ee7<\/span>\n\t\t\t\t\t\t\t\t\t\t\t<\/a>\n\t\t\t\t\t\t\t\t\t<\/li>\n\t\t\t\t\t\t\t\t<li class=\"elementor-icon-list-item elementor-inline-item\">\n\t\t\t\t\t\t\t\t\t\t\t<a href=\"\/vi\/ve-chung-toi\/\">\n\n\t\t\t\t\t\t\t\t\t\t\t<span class=\"elementor-icon-list-text\">V\u1ec1 ch\u00fang t\u00f4i<\/span>\n\t\t\t\t\t\t\t\t\t\t\t<\/a>\n\t\t\t\t\t\t\t\t\t<\/li>\n\t\t\t\t\t\t<\/ul>\n\t\t\t\t<\/div>\n\t\t\t\t<\/div>\n\t\t\t\t<div class=\"elementor-element elementor-element-00a1c67 elementor-widget elementor-widget-heading\" data-id=\"00a1c67\" data-element_type=\"widget\" data-widget_type=\"heading.default\">\n\t\t\t\t<div class=\"elementor-widget-container\">\n\t\t\t<h2 class=\"elementor-heading-title elementor-size-default\">V\u1ec0 CH\u00daNG T\u00d4I<\/h2>\t\t<\/div>\n\t\t\t\t<\/div>\n\t\t\t\t\t<\/div>\n\t\t<\/div>\n\t\t\t\t\t<\/div>\n\t\t<\/section>\n\t\t\t\t<section class=\"elementor-section elementor-top-section elementor-element elementor-element-fe4b341 elementor-section-boxed elementor-section-height-default elementor-section-height-default\" data-id=\"fe4b341\" data-element_type=\"section\" data-settings=\"{&quot;background_background&quot;:&quot;classic&quot;}\">\n\t\t\t\t\t\t<div class=\"elementor-container elementor-column-gap-default\">\n\t\t\t\t\t<div class=\"elementor-column elementor-col-50 elementor-top-column elementor-element elementor-element-001847b about-us-engineer-col\" data-id=\"001847b\" data-element_type=\"column\">\n\t\t\t<div class=\"elementor-widget-wrap elementor-element-populated\">\n\t\t\t\t\t\t<div class=\"elementor-element elementor-element-09e2e5e elementor-invisible elementor-widget elementor-widget-image\" data-id=\"09e2e5e\" data-element_type=\"widget\" data-settings=\"{&quot;_animation&quot;:&quot;pulse&quot;}\" data-widget_type=\"image.default\">\n\t\t\t\t<div class=\"elementor-widget-container\">\n\t\t\t\t\t\t\t\t\t\t\t\t\t<img fetchpriority=\"high\" decoding=\"async\" width=\"1453\" height=\"2448\" src=\"https:\/\/kn-vn.com\/wp-content\/uploads\/2022\/01\/About.jpg\" class=\"attachment-full size-full wp-image-2480\" alt=\"\" srcset=\"https:\/\/kn-vn.com\/wp-content\/uploads\/2022\/01\/About.jpg 1453w, https:\/\/kn-vn.com\/wp-content\/uploads\/2022\/01\/About-178x300.jpg 178w, https:\/\/kn-vn.com\/wp-content\/uploads\/2022\/01\/About-608x1024.jpg 608w, https:\/\/kn-vn.com\/wp-content\/uploads\/2022\/01\/About-768x1294.jpg 768w, https:\/\/kn-vn.com\/wp-content\/uploads\/2022\/01\/About-912x1536.jpg 912w, https:\/\/kn-vn.com\/wp-content\/uploads\/2022\/01\/About-1216x2048.jpg 1216w\" sizes=\"(max-width: 1453px) 100vw, 1453px\" \/>\t\t\t\t\t\t\t\t\t\t\t\t\t<\/div>\n\t\t\t\t<\/div>\n\t\t\t\t\t<\/div>\n\t\t<\/div>\n\t\t\t\t<div class=\"elementor-column elementor-col-50 elementor-top-column elementor-element elementor-element-232eecc\" data-id=\"232eecc\" data-element_type=\"column\">\n\t\t\t<div class=\"elementor-widget-wrap elementor-element-populated\">\n\t\t\t\t\t\t<div class=\"elementor-element elementor-element-2d97a9b elementor-widget elementor-widget-heading\" data-id=\"2d97a9b\" data-element_type=\"widget\" data-widget_type=\"heading.default\">\n\t\t\t\t<div class=\"elementor-widget-container\">\n\t\t\t<span class=\"elementor-heading-title elementor-size-default\">V\u1ec1 ch\u00fang t\u00f4i<\/span>\t\t<\/div>\n\t\t\t\t<\/div>\n\t\t\t\t<div class=\"elementor-element elementor-element-32e1a48 elementor-widget elementor-widget-heading\" data-id=\"32e1a48\" data-element_type=\"widget\" data-widget_type=\"heading.default\">\n\t\t\t\t<div class=\"elementor-widget-container\">\n\t\t\t<h2 class=\"elementor-heading-title elementor-size-default\">C\u00d4NG TY TNHH T\u01af V\u1ea4N THI\u1ebeT K\u1ebe X\u00c2Y D\u1ef0NG KHANG NAM<\/h2>\t\t<\/div>\n\t\t\t\t<\/div>\n\t\t\t\t<div class=\"elementor-element elementor-element-c6d9304 remove-p-mb elementor-widget elementor-widget-text-editor\" data-id=\"c6d9304\" data-element_type=\"widget\" data-widget_type=\"text-editor.default\">\n\t\t\t\t<div class=\"elementor-widget-container\">\n\t\t\t\t\t\t\t<p><strong>C\u00f4ng ty TNHH T\u01b0 v\u1ea5n Thi\u1ebft k\u1ebf X\u00e2y d\u1ef1ng Khang Nam<\/strong>\u00a0\u0111\u01b0\u1ee3c th\u00e0nh l\u1eadp t\u1eeb \u0111\u1ea7u n\u0103m 2009 b\u1edfi m\u1ed9t nh\u00f3m chuy\u00ean gia, k\u1ef9 s\u01b0 v\u00e0 ki\u1ebfn tr\u00fac s\u01b0 c\u00f3 nhi\u1ec1u n\u0103m kinh nghi\u1ec7m chuy\u00ean m\u00f4n trong l\u0129nh v\u1ef1c x\u00e2y d\u1ef1ng qua r\u1ea5t nhi\u1ec1u d\u1ef1 \u00e1n ch\u1ea5t l\u01b0\u1ee3ng cao trong v\u00e0 ngo\u00e0i n\u01b0\u1edbc. \u0110\u1ec3 \u0111\u00e1p \u1ee9ng t\u1ed1t nh\u1ea5t c\u00e1c y\u00eau c\u1ea7u t\u1eeb kh\u00e1ch h\u00e0ng, \u0111\u1ed9i ng\u0169 nh\u00e2n vi\u00ean c\u1ee7a ch\u00fang t\u00f4i bao g\u1ed3m:<\/p>\n<p>\u2013 Chuy\u00ean gia qu\u1ea3n l\u00fd d\u1ef1 \u00e1n<\/p>\n<p>\u2013 Chuy\u00ean vi\u00ean t\u01b0 v\u1ea5n \u0111\u1ea7u t\u01b0<\/p>\n<p>\u2013 Chuy\u00ean gia qu\u1ea3n l\u00fd thi\u1ebft k\u1ebf<\/p>\n<p>\u2013 Ki\u1ebfn tr\u00fac s\u01b0 \u2013 K\u1ef9 s\u01b0 k\u1ebft c\u1ea5u \u2013 K\u1ef9 s\u01b0 c\u01a1 \u0111i\u1ec7n<\/p>\n<p>\u2013 K\u1ef9 s\u01b0 kh\u1ed1i l\u01b0\u1ee3ng<\/p>\n<p>\u2013 K\u1ef9 s\u01b0 t\u01b0 v\u1ea5n \u0111\u1ea5u th\u1ea7u<\/p>\n<p>\u2013 K\u1ef9 s\u01b0 t\u01b0 v\u1ea5n gi\u00e1m s\u00e1t hi\u1ec7n tr\u01b0\u1eddng<\/p>\n<p>\u00a0<\/p>\n<p>B\u00ean c\u1ea1nh \u0111\u00f3, ch\u00fang t\u00f4i c\u0169ng c\u00f3 c\u00e1c chuy\u00ean gia h\u1ed7 tr\u1ee3 v\u00e0 c\u1ed1 v\u1ea5n gi\u00e0u kinh nghi\u1ec7m \u0111\u1ec3 \u0111\u00e1p \u1ee9ng c\u00e1c y\u00eau c\u1ea7u kh\u1eaft khe nh\u1ea5t c\u1ee7a kh\u00e1ch h\u00e0ng.<\/p>\n<p>\u00a0<\/p>\n<p>C\u00e1c d\u1ef1 \u00e1n c\u1ee7a ch\u00fang t\u00f4i bao g\u1ed3m khu ngh\u1ec9 d\u01b0\u1ee1ng &amp; kh\u00e1ch s\u1ea1n; trung t\u00e2m th\u01b0\u01a1ng m\u1ea1i &amp; si\u00eau th\u1ecb; cao \u1ed1c v\u0103n ph\u00f2ng &amp; v\u0103n ph\u00f2ng; chung c\u01b0 &amp; bi\u1ec7t th\u1ef1 ri\u00eang cao c\u1ea5p; c\u00e1c nh\u00e0 m\u00e1y x\u00ed nghi\u1ec7p; khu \u0111\u00f4 th\u1ecb &amp; c\u01a1 s\u1edf h\u1ea1 t\u1ea7ng; c\u00e1c t\u00f2a nh\u00e0 ph\u1ee9c h\u1ee3p, v.v.\u2026<\/p>\t\t\t\t\t\t<\/div>\n\t\t\t\t<\/div>\n\t\t\t\t<div class=\"elementor-element elementor-element-d5dcbc3 elementor-widget elementor-widget-heading\" data-id=\"d5dcbc3\" data-element_type=\"widget\" data-widget_type=\"heading.default\">\n\t\t\t\t<div class=\"elementor-widget-container\">\n\t\t\t<span class=\"elementor-heading-title elementor-size-default\">Phan Ng\u1ecdc H\u1ea3i (T\u1ed5ng Gi\u00e1m \u0110\u1ed1c - Khang Nam Engineering)<\/span>\t\t<\/div>\n\t\t\t\t<\/div>\n\t\t\t\t<div class=\"elementor-element elementor-element-2779962 img-signature elementor-widget elementor-widget-image\" data-id=\"2779962\" data-element_type=\"widget\" data-widget_type=\"image.default\">\n\t\t\t\t<div class=\"elementor-widget-container\">\n\t\t\t\t\t\t\t\t\t\t\t\t\t<img decoding=\"async\" width=\"940\" height=\"218\" src=\"https:\/\/kn-vn.com\/wp-content\/uploads\/2021\/12\/Phan-Ngoc-Hai.png\" class=\"attachment-full size-full wp-image-1158\" alt=\"\" srcset=\"https:\/\/kn-vn.com\/wp-content\/uploads\/2021\/12\/Phan-Ngoc-Hai.png 940w, https:\/\/kn-vn.com\/wp-content\/uploads\/2021\/12\/Phan-Ngoc-Hai-300x70.png 300w, https:\/\/kn-vn.com\/wp-content\/uploads\/2021\/12\/Phan-Ngoc-Hai-768x178.png 768w\" sizes=\"(max-width: 940px) 100vw, 940px\" \/>\t\t\t\t\t\t\t\t\t\t\t\t\t<\/div>\n\t\t\t\t<\/div>\n\t\t\t\t\t<\/div>\n\t\t<\/div>\n\t\t\t\t\t<\/div>\n\t\t<\/section>\n\t\t\t\t<section class=\"elementor-section elementor-top-section elementor-element elementor-element-a12626d elementor-section-boxed elementor-section-height-default elementor-section-height-default\" data-id=\"a12626d\" data-element_type=\"section\">\n\t\t\t\t\t\t<div class=\"elementor-container elementor-column-gap-default\">\n\t\t\t\t\t<div class=\"elementor-column elementor-col-100 elementor-top-column elementor-element elementor-element-14061c3\" data-id=\"14061c3\" data-element_type=\"column\">\n\t\t\t<div class=\"elementor-widget-wrap elementor-element-populated\">\n\t\t\t\t\t\t<div class=\"elementor-element elementor-element-f21721f elementor-widget elementor-widget-heading\" data-id=\"f21721f\" data-element_type=\"widget\" data-widget_type=\"heading.default\">\n\t\t\t\t<div class=\"elementor-widget-container\">\n\t\t\t<span class=\"elementor-heading-title elementor-size-default\">C\u00d9NG NHAU, CH\u00daNG T\u00d4I X\u00c2Y M\u01a0 \u01af\u1edaC C\u1ee6A C\u00c1C B\u1ea0N<\/span>\t\t<\/div>\n\t\t\t\t<\/div>\n\t\t\t\t<div class=\"elementor-element elementor-element-4ff380b elementor-widget elementor-widget-heading\" data-id=\"4ff380b\" data-element_type=\"widget\" data-widget_type=\"heading.default\">\n\t\t\t\t<div class=\"elementor-widget-container\">\n\t\t\t<h2 class=\"elementor-heading-title elementor-size-default\">\u0110\u1ed8I NG\u0168 C\u1ee6A CH\u00daNG T\u00d4I<\/h2>\t\t<\/div>\n\t\t\t\t<\/div>\n\t\t\t\t<div class=\"elementor-element elementor-element-92615b2 elementor-invisible elementor-widget elementor-widget-shortcode\" data-id=\"92615b2\" data-element_type=\"widget\" data-settings=\"{&quot;_animation&quot;:&quot;fadeIn&quot;}\" data-widget_type=\"shortcode.default\">\n\t\t\t\t<div class=\"elementor-widget-container\">\n\t\t\t\t\t<div class=\"elementor-shortcode\">[team]<\/div>\n\t\t\t\t<\/div>\n\t\t\t\t<\/div>\n\t\t\t\t\t<\/div>\n\t\t<\/div>\n\t\t\t\t\t<\/div>\n\t\t<\/section>\n\t\t\t\t<section class=\"elementor-section elementor-top-section elementor-element elementor-element-38d1b83 elementor-section-boxed elementor-section-height-default elementor-section-height-default\" data-id=\"38d1b83\" data-element_type=\"section\">\n\t\t\t\t\t\t<div class=\"elementor-container elementor-column-gap-default\">\n\t\t\t\t\t<div class=\"elementor-column elementor-col-100 elementor-top-column elementor-element elementor-element-e165ed2\" data-id=\"e165ed2\" data-element_type=\"column\">\n\t\t\t<div class=\"elementor-widget-wrap elementor-element-populated\">\n\t\t\t\t\t\t<div class=\"elementor-element elementor-element-f2b8c8d elementor-widget elementor-widget-heading\" data-id=\"f2b8c8d\" data-element_type=\"widget\" data-widget_type=\"heading.default\">\n\t\t\t\t<div class=\"elementor-widget-container\">\n\t\t\t<h2 class=\"elementor-heading-title elementor-size-default\">\u0110\u1ed8I NG\u0168 CHUY\u00caN GIA C\u1ee6A CH\u00daNG T\u00d4I<\/h2>\t\t<\/div>\n\t\t\t\t<\/div>\n\t\t\t\t<div class=\"elementor-element elementor-element-3880b7e elementor-widget elementor-widget-heading\" data-id=\"3880b7e\" data-element_type=\"widget\" data-widget_type=\"heading.default\">\n\t\t\t\t<div class=\"elementor-widget-container\">\n\t\t\t<h2 class=\"elementor-heading-title elementor-size-default\">B\u00ean c\u1ea1nh nh\u00e2n s\u1ef1 \u0111\u1ecba ph\u01b0\u01a1ng, ch\u00fang t\u00f4i c\u00f3 c\u00e1c chuy\u00ean gia n\u01b0\u1edbc ngo\u00e0i \u0111\u1ec3 h\u1ed7 tr\u1ee3 v\u00e0 t\u01b0 v\u1ea5n cho \u0111\u1ed9i ng\u0169 \u0111\u1ecba ph\u01b0\u01a1ng c\u1ee7a ch\u00fang t\u00f4i \u0111\u1ec3 \u0111\u00e1p \u1ee9ng t\u1ea5t c\u1ea3 c\u00e1c y\u00eau c\u1ea7u ti\u00eau chu\u1ea9n cao t\u1eeb kh\u00e1ch h\u00e0ng<\/h2>\t\t<\/div>\n\t\t\t\t<\/div>\n\t\t\t\t<div class=\"elementor-element elementor-element-153c593 elementor-invisible elementor-widget elementor-widget-shortcode\" data-id=\"153c593\" data-element_type=\"widget\" data-settings=\"{&quot;_animation&quot;:&quot;fadeIn&quot;}\" data-widget_type=\"shortcode.default\">\n\t\t\t\t<div class=\"elementor-widget-container\">\n\t\t\t\t\t<div class=\"elementor-shortcode\">[team type=\"Expert\"]<\/div>\n\t\t\t\t<\/div>\n\t\t\t\t<\/div>\n\t\t\t\t\t<\/div>\n\t\t<\/div>\n\t\t\t\t\t<\/div>\n\t\t<\/section>\n\t\t\t\t<section class=\"elementor-section elementor-top-section elementor-element elementor-element-9187732 elementor-section-boxed elementor-section-height-default elementor-section-height-default\" data-id=\"9187732\" data-element_type=\"section\" data-settings=\"{&quot;background_background&quot;:&quot;classic&quot;}\">\n\t\t\t\t\t\t<div class=\"elementor-container elementor-column-gap-default\">\n\t\t\t\t\t<div class=\"elementor-column elementor-col-50 elementor-top-column elementor-element elementor-element-d778143\" data-id=\"d778143\" data-element_type=\"column\">\n\t\t\t<div class=\"elementor-widget-wrap elementor-element-populated\">\n\t\t\t\t\t\t<div class=\"elementor-element elementor-element-4bc6870 elementor-widget elementor-widget-heading\" data-id=\"4bc6870\" data-element_type=\"widget\" data-widget_type=\"heading.default\">\n\t\t\t\t<div class=\"elementor-widget-container\">\n\t\t\t<span class=\"elementor-heading-title elementor-size-default\">C\u00d9NG NHAU, CH\u00daNG T\u00d4I X\u00c2Y M\u01a0 \u01af\u1edaC C\u1ee6A C\u00c1C B\u1ea0N<\/span>\t\t<\/div>\n\t\t\t\t<\/div>\n\t\t\t\t<div class=\"elementor-element elementor-element-91bde40 elementor-widget elementor-widget-heading\" data-id=\"91bde40\" data-element_type=\"widget\" data-widget_type=\"heading.default\">\n\t\t\t\t<div class=\"elementor-widget-container\">\n\t\t\t<h2 class=\"elementor-heading-title elementor-size-default\">T\u1ea6M NH\u00ccN &amp; S\u1ee8 M\u1ec6NH<\/h2>\t\t<\/div>\n\t\t\t\t<\/div>\n\t\t\t\t<div class=\"elementor-element elementor-element-1b2fa4b elementor-widget elementor-widget-image\" data-id=\"1b2fa4b\" data-element_type=\"widget\" data-widget_type=\"image.default\">\n\t\t\t\t<div class=\"elementor-widget-container\">\n\t\t\t\t\t\t\t\t\t\t\t\t\t<img decoding=\"async\" src=\"https:\/\/kn-vn.com\/wp-content\/uploads\/elementor\/thumbs\/IMG_7063-pii9tuqcpvasjijjghmmhg97pm3q37gip5r7hvvn48.jpg\" title=\"IMG_7063\" alt=\"IMG_7063\" loading=\"lazy\" \/>\t\t\t\t\t\t\t\t\t\t\t\t\t<\/div>\n\t\t\t\t<\/div>\n\t\t\t\t\t<\/div>\n\t\t<\/div>\n\t\t\t\t<div class=\"elementor-column elementor-col-50 elementor-top-column elementor-element elementor-element-d39664e\" data-id=\"d39664e\" data-element_type=\"column\">\n\t\t\t<div class=\"elementor-widget-wrap elementor-element-populated\">\n\t\t\t\t\t\t<div class=\"elementor-element elementor-element-554d42d vm-about elementor-widget elementor-widget-image-box\" data-id=\"554d42d\" data-element_type=\"widget\" data-widget_type=\"image-box.default\">\n\t\t\t\t<div class=\"elementor-widget-container\">\n\t\t\t<div class=\"elementor-image-box-wrapper\"><div class=\"elementor-image-box-content\"><h3 class=\"elementor-image-box-title\">T\u1ea6M NH\u00ccN<\/h3><p class=\"elementor-image-box-description\">C\u00f4ng ty TNHH T\u01b0 v\u1ea5n Thi\u1ebft k\u1ebf X\u00e2y d\u1ef1ng Khang Nam \u0111\u1eb7t m\u1ee5c ti\u00eau tr\u1edf th\u00e0nh m\u1ed9t trong nh\u1eefng c\u00f4ng ty t\u01b0 v\u1ea5n x\u00e2y d\u1ef1ng h\u00e0ng \u0111\u1ea7u t\u1ea1i Vi\u1ec7t Nam, n\u01a1i cung c\u1ea5p c\u00e1c d\u1ecbch v\u1ee5 ch\u1ea5t l\u01b0\u1ee3ng cao v\u1edbi hi\u1ec7u qu\u1ea3 cao nh\u1ea5t cho c\u00e1c d\u1ef1 \u00e1n trong ng\u00e0nh x\u00e2y d\u1ef1ng.<\/p><\/div><\/div>\t\t<\/div>\n\t\t\t\t<\/div>\n\t\t\t\t<div class=\"elementor-element elementor-element-a630a8b vm-about elementor-widget elementor-widget-image-box\" data-id=\"a630a8b\" data-element_type=\"widget\" data-widget_type=\"image-box.default\">\n\t\t\t\t<div class=\"elementor-widget-container\">\n\t\t\t<div class=\"elementor-image-box-wrapper\"><div class=\"elementor-image-box-content\"><h3 class=\"elementor-image-box-title\">S\u1ee8 M\u1ec6NH<\/h3><p class=\"elementor-image-box-description\">S\u1ee9 m\u1ec7nh c\u1ee7a ch\u00fang t\u00f4i l\u00e0 cung c\u1ea5p d\u1ecbch v\u1ee5 t\u1ed1t nh\u1ea5t cho kh\u00e1ch h\u00e0ng v\u1edbi ch\u1ea5t l\u01b0\u1ee3ng cao nh\u1ea5t v\u00e0 chi ph\u00ed ph\u00f9 h\u1ee3p nh\u1ea5t<\/p><\/div><\/div>\t\t<\/div>\n\t\t\t\t<\/div>\n\t\t\t\t\t<\/div>\n\t\t<\/div>\n\t\t\t\t\t<\/div>\n\t\t<\/section>\n\t\t\t\t<\/div>\n\t\t","protected":false},"excerpt":{"rendered":"<p>Trang ch\u1ee7 V\u1ec1 ch\u00fang t\u00f4i V\u1ec0 CH\u00daNG T\u00d4I V\u1ec1 ch\u00fang t\u00f4i C\u00d4NG TY TNHH T\u01af V\u1ea4N THI\u1ebeT K\u1ebe X\u00c2Y D\u1ef0NG KHANG NAM C\u00f4ng ty TNHH T\u01b0 v\u1ea5n Thi\u1ebft k\u1ebf X\u00e2y d\u1ef1ng Khang Nam\u00a0\u0111\u01b0\u1ee3c th\u00e0nh l\u1eadp t\u1eeb \u0111\u1ea7u n\u0103m 2009 b\u1edfi m\u1ed9t nh\u00f3m chuy\u00ean gia, k\u1ef9 s\u01b0 v\u00e0 ki\u1ebfn tr\u00fac s\u01b0 c\u00f3 nhi\u1ec1u n\u0103m kinh nghi\u1ec7m [&hellip;]<\/p>\n","protected":false},"author":1,"featured_media":2612,"parent":0,"menu_order":0,"comment_status":"closed","ping_status":"closed","template":"elementor_header_footer","meta":{"_acf_changed":false,"inline_featured_image":false,"footnotes":""},"class_list":["post-919","page","type-page","status-publish","has-post-thumbnail","hentry"],"acf":[],"_links":{"self":[{"href":"https:\/\/kn-vn.com\/vi\/wp-json\/wp\/v2\/pages\/919","targetHints":{"allow":["GET"]}}],"collection":[{"href":"https:\/\/kn-vn.com\/vi\/wp-json\/wp\/v2\/pages"}],"about":[{"href":"https:\/\/kn-vn.com\/vi\/wp-json\/wp\/v2\/types\/page"}],"author":[{"embeddable":true,"href":"https:\/\/kn-vn.com\/vi\/wp-json\/wp\/v2\/users\/1"}],"replies":[{"embeddable":true,"href":"https:\/\/kn-vn.com\/vi\/wp-json\/wp\/v2\/comments?post=919"}],"version-history":[{"count":59,"href":"https:\/\/kn-vn.com\/vi\/wp-json\/wp\/v2\/pages\/919\/revisions"}],"predecessor-version":[{"id":2626,"href":"https:\/\/kn-vn.com\/vi\/wp-json\/wp\/v2\/pages\/919\/revisions\/2626"}],"wp:featuredmedia":[{"embeddable":true,"href":"https:\/\/kn-vn.com\/vi\/wp-json\/wp\/v2\/media\/2612"}],"wp:attachment":[{"href":"https:\/\/kn-vn.com\/vi\/wp-json\/wp\/v2\/media?parent=919"}],"curies":[{"name":"wp","href":"https:\/\/api.w.org\/{rel}","templated":true}]}}